{"id":11630,"date":"2025-08-27T12:45:27","date_gmt":"2025-08-27T18:45:27","guid":{"rendered":"https:\/\/maji.com.mx\/?page_id=11630"},"modified":"2025-08-27T13:35:55","modified_gmt":"2025-08-27T19:35:55","slug":"politicas-de-privacidad","status":"publish","type":"page","link":"https:\/\/maji.com.mx\/en\/politicas-de-privacidad\/","title":{"rendered":"Privacy Policy"},"content":{"rendered":"<div data-elementor-type=\"wp-page\" data-elementor-id=\"11630\" class=\"elementor elementor-11630\" data-elementor-post-type=\"page\">\n\t\t\t\t<div class=\"elementor-element elementor-element-d016f7a elementor-hidden-desktop elementor-hidden-laptop elementor-hidden-tablet_extra elementor-hidden-tablet elementor-hidden-mobile_extra elementor-hidden-mobile e-flex e-con-boxed wpr-particle-no wpr-jarallax-no wpr-parallax-no wpr-sticky-section-no wpr-equal-height-no elementor-invisible e-con e-parent\" data-id=\"d016f7a\" data-element_type=\"container\" data-e-type=\"container\" data-settings=\"{&quot;animation&quot;:&quot;fadeIn&quot;,&quot;background_background&quot;:&quot;classic&quot;}\">\t\t\t<div class=\"e-con-inner\">\r\n\t\t<div class=\"elementor-element elementor-element-bdc12ce e-con-full e-flex wpr-particle-no wpr-jarallax-no wpr-parallax-no wpr-sticky-section-no wpr-equal-height-no e-con e-child\" data-id=\"bdc12ce\" data-element_type=\"container\" data-e-type=\"container\">\t\t<div class=\"elementor-element elementor-element-788c4e2 animated-slow elementor-invisible elementor-widget elementor-widget-text-editor\" data-id=\"788c4e2\" data-element_type=\"widget\" data-e-type=\"widget\" data-settings=\"{&quot;_animation&quot;:&quot;fadeInUp&quot;,&quot;_animation_delay&quot;:1000}\" data-widget_type=\"text-editor.default\">\n\t\t\t\t\t\t\t\t\t<p class=\"translation-block\">Conscious fashion, strategic vision, and distinction in every detail.<\/p>\t\t\t\t\t\t\t\t<\/div>\n\t\t\t\t<\/div>\r\n\t\t<div class=\"elementor-element elementor-element-b294083 e-con-full elementor-hidden-mobile e-flex wpr-particle-no wpr-jarallax-no wpr-parallax-no wpr-sticky-section-no wpr-equal-height-no e-con e-child\" data-id=\"b294083\" data-element_type=\"container\" data-e-type=\"container\">\t\t<\/div>\r\n\t\t\t\t\t<\/div>\r\n\t\t\t\t<\/div>\r\n\t\t<div class=\"elementor-element elementor-element-165df12 e-flex e-con-boxed wpr-particle-no wpr-jarallax-no wpr-parallax-no wpr-sticky-section-no wpr-equal-height-no e-con e-parent\" data-id=\"165df12\" data-element_type=\"container\" data-e-type=\"container\">\t\t\t<div class=\"e-con-inner\">\r\n\t\t<div class=\"elementor-element elementor-element-fc518eb e-con-full e-flex wpr-particle-no wpr-jarallax-no wpr-parallax-no wpr-sticky-section-no wpr-equal-height-no e-con e-child\" data-id=\"fc518eb\" data-element_type=\"container\" data-e-type=\"container\">\t\t<div class=\"elementor-element elementor-element-32610af elementor-widget__width-initial elementor-widget elementor-widget-image\" data-id=\"32610af\" data-element_type=\"widget\" data-e-type=\"widget\" data-widget_type=\"image.default\">\n\t\t\t\t\t\t\t\t\t\t\t\t\t\t\t<img fetchpriority=\"high\" decoding=\"async\" width=\"500\" height=\"500\" src=\"https:\/\/maji.com.mx\/wp-content\/uploads\/2023\/07\/web-GRUPO-MAJI-ok-copia.svg\" class=\"attachment-full size-full wp-image-10403\" alt=\"\" \/>\t\t\t\t\t\t\t\t\t\t\t\t\t\t\t<\/div>\n\t\t\t\t<div class=\"elementor-element elementor-element-3e8cdbe elementor-widget elementor-widget-heading\" data-id=\"3e8cdbe\" data-element_type=\"widget\" data-e-type=\"widget\" data-widget_type=\"heading.default\">\n\t\t\t\t\t<h2 class=\"elementor-heading-title elementor-size-default\">Privacy Policy<\/h2>\t\t\t\t<\/div>\n\t\t\t\t<\/div>\r\n\t\t\t\t<div class=\"elementor-element elementor-element-bdd921e elementor-widget elementor-widget-text-editor\" data-id=\"bdd921e\" data-element_type=\"widget\" data-e-type=\"widget\" data-widget_type=\"text-editor.default\">\n\t\t\t\t\t\t\t\t\t<p class=\"translation-block\">This Privacy Policy is committed to the security of its users' data, establishes the terms used and protects the information provided when using its website maji.com.mx with address at Blvd. Toluca 13D, Alce Blanco, 53370 Naucalpan de Ju\u00e1rez, Mex, with business hours Monday through Friday from 9:00 a.m. to 6:00 p.m.<\/p><p><span data-contrast=\"auto\">When we ask you to fill in the fields with personal information that can identify you, we do so with the assurance that it will only be used in accordance with the terms of this document. However, this Privacy Policy may change or be updated over time, so we recommend and encourage you to continually review this page to ensure you agree with any such changes.<\/span><span data-ccp-props=\"{}\">\u00a0<\/span><\/p><p><b><span data-contrast=\"auto\">Information that is collected<\/span><\/b><span data-ccp-props=\"{}\">\u00a0<\/span><\/p><p class=\"translation-block\"><span data-contrast=\"auto\">Our website <\/span><b><i><span data-contrast=\"auto\">maji.com.mx<\/span><\/i><\/b><span data-contrast=\"auto\"> may collect personal information such as: Name, contact information such as your email address and demographic information. Additionally, when necessary, specific information may be requested to process an order or make a delivery or billing.<\/span><span data-ccp-props=\"{}\">\u00a0<\/span><\/p><p><b><span data-contrast=\"auto\">Use of collected information<\/span><\/b><span data-ccp-props=\"{}\">\u00a0<\/span><\/p><p><span data-contrast=\"auto\">Our website uses this information to provide the best possible service, particularly to maintain user records, order records, if applicable, and to improve our products and services. Periodic emails may be sent through our site with special offers, new products, and other promotional information that we believe is relevant to you or that may provide you with some benefit. These emails will be sent to the address you provide and may be unsubscribed at any time.<\/span><span data-ccp-props=\"{}\">\u00a0<\/span><\/p><p class=\"translation-block\"><b><span data-contrast=\"auto\">Grupo Maji<\/span><\/b><span data-contrast=\"auto\"> is highly committed to keeping your information secure. We use the most advanced systems and constantly update them to ensure there is no unauthorized access.<\/span><span data-ccp-props=\"{}\">\u00a0<\/span><\/p><p><b><span data-contrast=\"auto\">Cookies<\/span><\/b><span data-ccp-props=\"{}\">\u00a0<\/span><\/p><p><span data-contrast=\"auto\">A cookie refers to a file that is sent to request permission to be stored on your computer. By accepting this file, it is created. The cookie then serves to collect information about web traffic and also facilitates future visits to a website. Another function of cookies is that they allow websites to recognize you individually and therefore provide you with the most personalized service on their website.<\/span><span data-ccp-props=\"{}\">\u00a0<\/span><\/p><p><span data-contrast=\"auto\">Our website uses cookies to identify the pages visited and their frequency. This information is used solely for statistical analysis and is then permanently deleted. You can delete cookies at any time from your computer. However, cookies help provide a better service on the websites; they do not provide access to information on your computer or about you unless you so choose and provide it directly. You can accept or deny the use of cookies; however, most browsers accept cookies automatically, as this helps provide a better web service. You can also change your computer's settings to decline cookies. If you decline cookies, you may not be able to use some of our services.<\/span><span data-ccp-props=\"{}\">\u00a0<\/span><\/p><p><b><span data-contrast=\"auto\">Links to Third Parties<\/span><\/b><span data-ccp-props=\"{}\">\u00a0<\/span><\/p><p><span data-contrast=\"auto\">This website may contain links to other sites that may be of interest to you. Once you click on these links and leave our page, we no longer have control over the site to which you are redirected and, therefore, are not responsible for the terms or privacy, or the protection of your data, on these other third-party sites. These sites are subject to their own privacy policies, so we recommend that you review them to confirm that you agree with them.<\/span><span data-ccp-props=\"{}\">\u00a0<\/span><\/p><p><b><span data-contrast=\"auto\">Control of your personal information<\/span><\/b><span data-ccp-props=\"{}\">\u00a0<\/span><\/p><p><span data-contrast=\"auto\">At any time, you may restrict the collection or use of personal information provided to our website. Each time you are asked to fill out a form, such as the user registration form, you can opt in or out of receiving information by email. If you have opted in to receive our newsletter or advertising, you may opt out at any time.<\/span><span data-ccp-props=\"{}\">\u00a0<\/span><\/p><p><span data-contrast=\"auto\">This company will not sell, assign, or distribute the personal information it collects without your consent, unless required by a court order.<\/span><span data-ccp-props=\"{}\">\u00a0<\/span><\/p><p class=\"translation-block\"><b><span data-contrast=\"auto\">Grupo Maji<\/span><\/b><span data-contrast=\"auto\"> reserves the right to change the terms of this Privacy Policy at any time.<\/span><span data-ccp-props=\"{}\">\u00a0<\/span><\/p>\t\t\t\t\t\t\t\t<\/div>\n\t\t\t\t<div class=\"elementor-element elementor-element-a53bd95 elementor-hidden-desktop elementor-hidden-laptop elementor-hidden-tablet_extra elementor-hidden-tablet elementor-hidden-mobile_extra elementor-hidden-mobile elementor-widget elementor-widget-gallery\" data-id=\"a53bd95\" data-element_type=\"widget\" data-e-type=\"widget\" data-settings=\"{&quot;gallery_layout&quot;:&quot;masonry&quot;,&quot;columns_laptop&quot;:4,&quot;columns_tablet&quot;:4,&quot;columns_mobile_extra&quot;:2,&quot;columns_mobile&quot;:2,&quot;lazyload&quot;:&quot;yes&quot;,&quot;columns&quot;:4,&quot;gap&quot;:{&quot;unit&quot;:&quot;px&quot;,&quot;size&quot;:10,&quot;sizes&quot;:[]},&quot;gap_laptop&quot;:{&quot;unit&quot;:&quot;px&quot;,&quot;size&quot;:10,&quot;sizes&quot;:[]},&quot;gap_tablet_extra&quot;:{&quot;unit&quot;:&quot;px&quot;,&quot;size&quot;:10,&quot;sizes&quot;:[]},&quot;gap_tablet&quot;:{&quot;unit&quot;:&quot;px&quot;,&quot;size&quot;:10,&quot;sizes&quot;:[]},&quot;gap_mobile_extra&quot;:{&quot;unit&quot;:&quot;px&quot;,&quot;size&quot;:10,&quot;sizes&quot;:[]},&quot;gap_mobile&quot;:{&quot;unit&quot;:&quot;px&quot;,&quot;size&quot;:10,&quot;sizes&quot;:[]},&quot;content_hover_animation&quot;:&quot;fade-in&quot;}\" data-widget_type=\"gallery.default\">\n\t\t\t\t\t\t\t<div class=\"elementor-gallery__container\">\n\t\t\t\t\t\t\t<div class=\"e-gallery-item elementor-gallery-item elementor-animated-content\">\n\t\t\t\t\t<div class=\"e-gallery-image elementor-gallery-item__image\" data-thumbnail=\"https:\/\/maji.com.mx\/wp-content\/uploads\/2025\/08\/icono-1.png\" data-width=\"2084\" data-height=\"2085\" aria-label=\"\" role=\"img\" ><\/div>\n\t\t\t\t\t\t\t\t\t\t\t\t\t\t<\/div>\n\t\t\t\t\t\t\t<div class=\"e-gallery-item elementor-gallery-item elementor-animated-content\">\n\t\t\t\t\t<div class=\"e-gallery-image elementor-gallery-item__image\" data-thumbnail=\"https:\/\/maji.com.mx\/wp-content\/uploads\/2025\/08\/icono-2.png\" data-width=\"2084\" data-height=\"2085\" aria-label=\"\" role=\"img\" ><\/div>\n\t\t\t\t\t\t\t\t\t\t\t\t\t\t<\/div>\n\t\t\t\t\t\t\t<div class=\"e-gallery-item elementor-gallery-item elementor-animated-content\">\n\t\t\t\t\t<div class=\"e-gallery-image elementor-gallery-item__image\" data-thumbnail=\"https:\/\/maji.com.mx\/wp-content\/uploads\/2025\/08\/icono-3.png\" data-width=\"2085\" data-height=\"2085\" aria-label=\"\" role=\"img\" ><\/div>\n\t\t\t\t\t\t\t\t\t\t\t\t\t\t<\/div>\n\t\t\t\t\t\t\t<div class=\"e-gallery-item elementor-gallery-item elementor-animated-content\">\n\t\t\t\t\t<div class=\"e-gallery-image elementor-gallery-item__image\" data-thumbnail=\"https:\/\/maji.com.mx\/wp-content\/uploads\/2025\/08\/icono-4.png\" data-width=\"2084\" data-height=\"2085\" aria-label=\"\" role=\"img\" ><\/div>\n\t\t\t\t\t\t\t\t\t\t\t\t\t\t<\/div>\n\t\t\t\t\t<\/div>\n\t\t\t\t\t<\/div>\n\t\t\t\t\t<\/div>\r\n\t\t\t\t<\/div>\r\n\t\t\t\t<\/div>","protected":false},"excerpt":{"rendered":"<p>Moda consciente,visi\u00f3n estrat\u00e9gicay distinci\u00f3n encada detalle. Pol\u00edticas de privacidad La presente Pol\u00edtica de Privacidad est\u00e1 comprometida con la seguridad de los datos de sus usuarios, establece los t\u00e9rminos que usa y protege la informaci\u00f3n que es proporcionada al momento de utilizar su sitio web de maji.com.mx con domicilio en Blvd. Toluca 13D, Alce Blanco, 53370 Naucalpan de Ju\u00e1rez, M\u00e9x, con horario de atenci\u00f3n de lunes a viernes de 9:00 a.m. a 6:00 p.m.\u00a0 Cuando le pedimos llenar los campos de informaci\u00f3n personal con la cual usted pueda ser identificado, lo hacemos asegurando que solo se emplear\u00e1 de acuerdo con los t\u00e9rminos de este documento. Sin embargo, esta Pol\u00edtica de Privacidad puede cambiar con el tiempo o ser actualizada, por lo que le recomendamos y enfatizamos revisar continuamente esta p\u00e1gina para asegurarse que est\u00e1 de acuerdo con dichos cambios.\u00a0 Informaci\u00f3n que es recogida\u00a0 Nuestro sitio web maji.com.mx podr\u00e1 recoger informaci\u00f3n personal por ejemplo: Nombre, informaci\u00f3n de contacto como su direcci\u00f3n de correo electr\u00f3nico e informaci\u00f3n demogr\u00e1fica. Asimismo, cuando sea necesario, podr\u00e1 ser requerida informaci\u00f3n espec\u00edfica para procesar alg\u00fan pedido o realizar una entrega o facturaci\u00f3n.\u00a0 Uso de la informaci\u00f3n recogida\u00a0 Nuestro sitio web emplea la informaci\u00f3n con el fin de proporcionar el mejor servicio posible, particularmente para mantener un registro de usuarios, de pedidos en caso de que aplique, y mejorar nuestros productos y servicios. Es posible que sean enviados correos electr\u00f3nicos peri\u00f3dicamente a trav\u00e9s de nuestro sitio con ofertas especiales, nuevos productos y otra informaci\u00f3n publicitaria que consideremos relevante para usted o que pueda brindarle alg\u00fan beneficio; estos correos electr\u00f3nicos ser\u00e1n enviados a la direcci\u00f3n que usted proporcione y podr\u00e1n ser cancelados en cualquier momento.\u00a0 Grupo Maji est\u00e1 altamente comprometido para cumplir con el compromiso de mantener su informaci\u00f3n segura. Usamos los sistemas m\u00e1s avanzados y los actualizamos constantemente para asegurarnos de que no exista ning\u00fan acceso no autorizado.\u00a0 Cookies\u00a0 Una cookie se refiere a un fichero que es enviado con la finalidad de solicitar permiso para almacenarse en su ordenador, al aceptar dicho fichero se crea y la cookie sirve entonces para tener informaci\u00f3n respecto al tr\u00e1fico web, y tambi\u00e9n facilita las futuras visitas a una web recurrente. Otra funci\u00f3n que tienen las cookies es que con ellas la web web pueden reconocerte individualmente y por tanto brindarte el mejor servicio personalizado de su web.\u00a0 Nuestro sitio web emplea las cookies para poder identificar las p\u00e1ginas que son visitadas y su frecuencia. Esta informaci\u00f3n es empleada \u00fanicamente para an\u00e1lisis estad\u00edstico y despu\u00e9s la informaci\u00f3n se elimina de forma permanente. Usted puede eliminar las cookies en cualquier momento desde su ordenador. Sin embargo, las cookies ayudan a proporcionar un mejor servicio de los sitios web, estas no dan acceso a informaci\u00f3n de su ordenador ni de usted, a menos de que usted as\u00ed lo quiera y la proporcione directamente. Usted puede aceptar o negar el uso de cookies, sin embargo, la mayor\u00eda de navegadores aceptan cookie aceptan cookies autom\u00e1ticamente, pues sirve para tener un mejor servicio web. Tambi\u00e9n usted puede cambiar la configuraci\u00f3n de su ordenador para declinar las cookies. Si se declinan, es posible que no pueda utilizar algunos de nuestros servicios.\u00a0 Enlaces a Terceros\u00a0 Este sitio web pudiera contener enlaces a otros sitios que pudieran ser de su inter\u00e9s. Una vez que usted d\u00e9 clic en estos enlaces y abandone nuestra p\u00e1gina, ya no tenemos control sobre al sitio al que es redirigido y, por lo tanto, no somos responsables de los t\u00e9rminos o privacidad, ni de la protecci\u00f3n de sus datos en esos otros sitios terceros. Dichos sitios est\u00e1n sujetos a sus propias pol\u00edticas de privacidad, por lo cual es recomendable que los consulte para confirmar que usted est\u00e1 de acuerdo con estas.\u00a0 Control de su informaci\u00f3n personal\u00a0 En cualquier momento, usted puede restringir la recopilaci\u00f3n o el uso de la informaci\u00f3n personal que es proporcionada a nuestro sitio web. Cada vez que se le solicite rellenar un formulario, como el de alta de usuario, puede marcar o desmarcar la opci\u00f3n de recibir informaci\u00f3n por correo electr\u00f3nico. En caso de que haya marcado la opci\u00f3n de recibir nuestro bolet\u00edn o publicidad, usted puede cancelarla en cualquier momento.\u00a0 Esta compa\u00f1\u00eda no vender\u00e1, ceder\u00e1 ni distribuir\u00e1 la informaci\u00f3n personal que es recopilada sin su consentimiento, salvo que sea requerido por un juez con una orden judicial.\u00a0 Grupo Maji se reserva el derecho de cambiar los t\u00e9rminos de la presente Pol\u00edtica de Privacidad en cualquier momento.\u00a0<\/p>","protected":false},"author":2,"featured_media":10638,"parent":0,"menu_order":0,"comment_status":"closed","ping_status":"closed","template":"","meta":{"footnotes":""},"class_list":["post-11630","page","type-page","status-publish","has-post-thumbnail","hentry"],"yoast_head":"<!-- This site is optimized with the Yoast SEO plugin v27.4 - https:\/\/yoast.com\/product\/yoast-seo-wordpress\/ -->\n<title>Pol\u00edticas de privacidad - Grupo MAJI<\/title>\n<meta name=\"description\" content=\"Conoce las pol\u00edticas de privacidad que protegen tus datos en maji.com.mx y aseguran el uso adecuado de tu informaci\u00f3n personal.\" \/>\n<meta name=\"robots\" content=\"index, follow, max-snippet:-1, max-image-preview:large, max-video-preview:-1\" \/>\n<link rel=\"canonical\" href=\"https:\/\/maji.com.mx\/en\/politicas-de-privacidad\/\" \/>\n<meta property=\"og:locale\" content=\"en_US\" \/>\n<meta property=\"og:type\" content=\"article\" \/>\n<meta property=\"og:title\" content=\"Pol\u00edticas de privacidad - Grupo MAJI\" \/>\n<meta property=\"og:description\" content=\"Conoce las pol\u00edticas de privacidad que protegen tus datos en maji.com.mx y aseguran el uso adecuado de tu informaci\u00f3n personal.\" \/>\n<meta property=\"og:url\" content=\"https:\/\/maji.com.mx\/en\/politicas-de-privacidad\/\" \/>\n<meta property=\"og:site_name\" content=\"Grupo MAJI\" \/>\n<meta property=\"article:modified_time\" content=\"2025-08-27T19:35:55+00:00\" \/>\n<meta property=\"og:image\" content=\"https:\/\/maji.com.mx\/wp-content\/uploads\/2025\/08\/banner-1-que-hacemos.jpg\" \/>\n\t<meta property=\"og:image:width\" content=\"1921\" \/>\n\t<meta property=\"og:image:height\" content=\"1081\" \/>\n\t<meta property=\"og:image:type\" content=\"image\/jpeg\" \/>\n<meta name=\"twitter:card\" content=\"summary_large_image\" \/>\n<meta name=\"twitter:label1\" content=\"Est. reading time\" \/>\n\t<meta name=\"twitter:data1\" content=\"4 minutes\" \/>\n<script type=\"application\/ld+json\" class=\"yoast-schema-graph\">{\"@context\":\"https:\\\/\\\/schema.org\",\"@graph\":[{\"@type\":\"WebPage\",\"@id\":\"https:\\\/\\\/maji.com.mx\\\/politicas-de-privacidad\\\/\",\"url\":\"https:\\\/\\\/maji.com.mx\\\/politicas-de-privacidad\\\/\",\"name\":\"Pol\u00edticas de privacidad - Grupo MAJI\",\"isPartOf\":{\"@id\":\"https:\\\/\\\/maji.com.mx\\\/#website\"},\"primaryImageOfPage\":{\"@id\":\"https:\\\/\\\/maji.com.mx\\\/politicas-de-privacidad\\\/#primaryimage\"},\"image\":{\"@id\":\"https:\\\/\\\/maji.com.mx\\\/politicas-de-privacidad\\\/#primaryimage\"},\"thumbnailUrl\":\"https:\\\/\\\/maji.com.mx\\\/wp-content\\\/uploads\\\/2025\\\/08\\\/banner-1-que-hacemos.jpg\",\"datePublished\":\"2025-08-27T18:45:27+00:00\",\"dateModified\":\"2025-08-27T19:35:55+00:00\",\"description\":\"Conoce las pol\u00edticas de privacidad que protegen tus datos en maji.com.mx y aseguran el uso adecuado de tu informaci\u00f3n personal.\",\"breadcrumb\":{\"@id\":\"https:\\\/\\\/maji.com.mx\\\/politicas-de-privacidad\\\/#breadcrumb\"},\"inLanguage\":\"en-US\",\"potentialAction\":[{\"@type\":\"ReadAction\",\"target\":[\"https:\\\/\\\/maji.com.mx\\\/politicas-de-privacidad\\\/\"]}]},{\"@type\":\"ImageObject\",\"inLanguage\":\"en-US\",\"@id\":\"https:\\\/\\\/maji.com.mx\\\/politicas-de-privacidad\\\/#primaryimage\",\"url\":\"https:\\\/\\\/maji.com.mx\\\/wp-content\\\/uploads\\\/2025\\\/08\\\/banner-1-que-hacemos.jpg\",\"contentUrl\":\"https:\\\/\\\/maji.com.mx\\\/wp-content\\\/uploads\\\/2025\\\/08\\\/banner-1-que-hacemos.jpg\",\"width\":1921,\"height\":1081},{\"@type\":\"BreadcrumbList\",\"@id\":\"https:\\\/\\\/maji.com.mx\\\/politicas-de-privacidad\\\/#breadcrumb\",\"itemListElement\":[{\"@type\":\"ListItem\",\"position\":1,\"name\":\"Inicio\",\"item\":\"https:\\\/\\\/maji.com.mx\\\/\"},{\"@type\":\"ListItem\",\"position\":2,\"name\":\"Pol\u00edticas de privacidad\"}]},{\"@type\":\"WebSite\",\"@id\":\"https:\\\/\\\/maji.com.mx\\\/#website\",\"url\":\"https:\\\/\\\/maji.com.mx\\\/\",\"name\":\"Grupo MAJI\",\"description\":\"Comercializadora de moda con prop\u00f3sito, especializada en dise\u00f1ar, producir y distribuir colecciones textiles a gran escala para marcas, cadenas comerciales y distribuidores.\",\"publisher\":{\"@id\":\"https:\\\/\\\/maji.com.mx\\\/#organization\"},\"potentialAction\":[{\"@type\":\"SearchAction\",\"target\":{\"@type\":\"EntryPoint\",\"urlTemplate\":\"https:\\\/\\\/maji.com.mx\\\/?s={search_term_string}\"},\"query-input\":{\"@type\":\"PropertyValueSpecification\",\"valueRequired\":true,\"valueName\":\"search_term_string\"}}],\"inLanguage\":\"en-US\"},{\"@type\":\"Organization\",\"@id\":\"https:\\\/\\\/maji.com.mx\\\/#organization\",\"name\":\"Grupo MAJI\",\"url\":\"https:\\\/\\\/maji.com.mx\\\/\",\"logo\":{\"@type\":\"ImageObject\",\"inLanguage\":\"en-US\",\"@id\":\"https:\\\/\\\/maji.com.mx\\\/#\\\/schema\\\/logo\\\/image\\\/\",\"url\":\"https:\\\/\\\/maji.com.mx\\\/wp-content\\\/uploads\\\/2023\\\/07\\\/web-GRUPO-MAJI-ok-copia.svg\",\"contentUrl\":\"https:\\\/\\\/maji.com.mx\\\/wp-content\\\/uploads\\\/2023\\\/07\\\/web-GRUPO-MAJI-ok-copia.svg\",\"width\":500,\"height\":500,\"caption\":\"Grupo MAJI\"},\"image\":{\"@id\":\"https:\\\/\\\/maji.com.mx\\\/#\\\/schema\\\/logo\\\/image\\\/\"}}]}<\/script>\n<!-- \/ Yoast SEO plugin. -->","yoast_head_json":{"title":"Pol\u00edticas de privacidad - Grupo MAJI","description":"Conoce las pol\u00edticas de privacidad que protegen tus datos en maji.com.mx y aseguran el uso adecuado de tu informaci\u00f3n personal.","robots":{"index":"index","follow":"follow","max-snippet":"max-snippet:-1","max-image-preview":"max-image-preview:large","max-video-preview":"max-video-preview:-1"},"canonical":"https:\/\/maji.com.mx\/en\/politicas-de-privacidad\/","og_locale":"en_US","og_type":"article","og_title":"Pol\u00edticas de privacidad - Grupo MAJI","og_description":"Conoce las pol\u00edticas de privacidad que protegen tus datos en maji.com.mx y aseguran el uso adecuado de tu informaci\u00f3n personal.","og_url":"https:\/\/maji.com.mx\/en\/politicas-de-privacidad\/","og_site_name":"Grupo MAJI","article_modified_time":"2025-08-27T19:35:55+00:00","og_image":[{"width":1921,"height":1081,"url":"https:\/\/maji.com.mx\/wp-content\/uploads\/2025\/08\/banner-1-que-hacemos.jpg","type":"image\/jpeg"}],"twitter_card":"summary_large_image","twitter_misc":{"Est. reading time":"4 minutes"},"schema":{"@context":"https:\/\/schema.org","@graph":[{"@type":"WebPage","@id":"https:\/\/maji.com.mx\/politicas-de-privacidad\/","url":"https:\/\/maji.com.mx\/politicas-de-privacidad\/","name":"Pol\u00edticas de privacidad - Grupo MAJI","isPartOf":{"@id":"https:\/\/maji.com.mx\/#website"},"primaryImageOfPage":{"@id":"https:\/\/maji.com.mx\/politicas-de-privacidad\/#primaryimage"},"image":{"@id":"https:\/\/maji.com.mx\/politicas-de-privacidad\/#primaryimage"},"thumbnailUrl":"https:\/\/maji.com.mx\/wp-content\/uploads\/2025\/08\/banner-1-que-hacemos.jpg","datePublished":"2025-08-27T18:45:27+00:00","dateModified":"2025-08-27T19:35:55+00:00","description":"Conoce las pol\u00edticas de privacidad que protegen tus datos en maji.com.mx y aseguran el uso adecuado de tu informaci\u00f3n personal.","breadcrumb":{"@id":"https:\/\/maji.com.mx\/politicas-de-privacidad\/#breadcrumb"},"inLanguage":"en-US","potentialAction":[{"@type":"ReadAction","target":["https:\/\/maji.com.mx\/politicas-de-privacidad\/"]}]},{"@type":"ImageObject","inLanguage":"en-US","@id":"https:\/\/maji.com.mx\/politicas-de-privacidad\/#primaryimage","url":"https:\/\/maji.com.mx\/wp-content\/uploads\/2025\/08\/banner-1-que-hacemos.jpg","contentUrl":"https:\/\/maji.com.mx\/wp-content\/uploads\/2025\/08\/banner-1-que-hacemos.jpg","width":1921,"height":1081},{"@type":"BreadcrumbList","@id":"https:\/\/maji.com.mx\/politicas-de-privacidad\/#breadcrumb","itemListElement":[{"@type":"ListItem","position":1,"name":"Inicio","item":"https:\/\/maji.com.mx\/"},{"@type":"ListItem","position":2,"name":"Pol\u00edticas de privacidad"}]},{"@type":"WebSite","@id":"https:\/\/maji.com.mx\/#website","url":"https:\/\/maji.com.mx\/","name":"Grupo MAJI","description":"Comercializadora de moda con prop\u00f3sito, especializada en dise\u00f1ar, producir y distribuir colecciones textiles a gran escala para marcas, cadenas comerciales y distribuidores.","publisher":{"@id":"https:\/\/maji.com.mx\/#organization"},"potentialAction":[{"@type":"SearchAction","target":{"@type":"EntryPoint","urlTemplate":"https:\/\/maji.com.mx\/?s={search_term_string}"},"query-input":{"@type":"PropertyValueSpecification","valueRequired":true,"valueName":"search_term_string"}}],"inLanguage":"en-US"},{"@type":"Organization","@id":"https:\/\/maji.com.mx\/#organization","name":"Grupo MAJI","url":"https:\/\/maji.com.mx\/","logo":{"@type":"ImageObject","inLanguage":"en-US","@id":"https:\/\/maji.com.mx\/#\/schema\/logo\/image\/","url":"https:\/\/maji.com.mx\/wp-content\/uploads\/2023\/07\/web-GRUPO-MAJI-ok-copia.svg","contentUrl":"https:\/\/maji.com.mx\/wp-content\/uploads\/2023\/07\/web-GRUPO-MAJI-ok-copia.svg","width":500,"height":500,"caption":"Grupo MAJI"},"image":{"@id":"https:\/\/maji.com.mx\/#\/schema\/logo\/image\/"}}]}},"_links":{"self":[{"href":"https:\/\/maji.com.mx\/en\/wp-json\/wp\/v2\/pages\/11630","targetHints":{"allow":["GET"]}}],"collection":[{"href":"https:\/\/maji.com.mx\/en\/wp-json\/wp\/v2\/pages"}],"about":[{"href":"https:\/\/maji.com.mx\/en\/wp-json\/wp\/v2\/types\/page"}],"author":[{"embeddable":true,"href":"https:\/\/maji.com.mx\/en\/wp-json\/wp\/v2\/users\/2"}],"replies":[{"embeddable":true,"href":"https:\/\/maji.com.mx\/en\/wp-json\/wp\/v2\/comments?post=11630"}],"version-history":[{"count":6,"href":"https:\/\/maji.com.mx\/en\/wp-json\/wp\/v2\/pages\/11630\/revisions"}],"predecessor-version":[{"id":11636,"href":"https:\/\/maji.com.mx\/en\/wp-json\/wp\/v2\/pages\/11630\/revisions\/11636"}],"wp:featuredmedia":[{"embeddable":true,"href":"https:\/\/maji.com.mx\/en\/wp-json\/wp\/v2\/media\/10638"}],"wp:attachment":[{"href":"https:\/\/maji.com.mx\/en\/wp-json\/wp\/v2\/media?parent=11630"}],"curies":[{"name":"wp","href":"https:\/\/api.w.org\/{rel}","templated":true}]}}