{"id":10836,"date":"2025-08-13T10:50:45","date_gmt":"2025-08-13T16:50:45","guid":{"rendered":"https:\/\/maji.com.mx\/?page_id=10836"},"modified":"2025-09-09T10:39:56","modified_gmt":"2025-09-09T16:39:56","slug":"distribuidores","status":"publish","type":"page","link":"https:\/\/maji.com.mx\/en\/distribuidores\/","title":{"rendered":"Affiliates"},"content":{"rendered":"\t\t<div data-elementor-type=\"wp-page\" data-elementor-id=\"10836\" class=\"elementor elementor-10836\" data-elementor-post-type=\"page\">\n\t\t\t\t<div class=\"elementor-element elementor-element-e3e6a77 e-flex e-con-boxed wpr-particle-no wpr-jarallax-no wpr-parallax-no wpr-sticky-section-no wpr-equal-height-no elementor-invisible e-con e-parent \" data-id=\"e3e6a77\" data-element_type=\"container\" data-e-type=\"container\" data-settings=\"{&quot;animation&quot;:&quot;fadeIn&quot;,&quot;background_background&quot;:&quot;classic&quot;}\">\t\t\t<div class=\"e-con-inner\">\r\n\t\t<div class=\"elementor-element elementor-element-dcc8b64 e-con-full e-flex wpr-particle-no wpr-jarallax-no wpr-parallax-no wpr-sticky-section-no wpr-equal-height-no e-con e-child \" data-id=\"dcc8b64\" data-element_type=\"container\" data-e-type=\"container\">\t\t<div class=\"elementor-element elementor-element-a8a9e72 animated-slow elementor-invisible elementor-widget elementor-widget-text-editor\" data-id=\"a8a9e72\" data-element_type=\"widget\" data-e-type=\"widget\" data-settings=\"{&quot;_animation&quot;:&quot;fadeInUp&quot;,&quot;_animation_delay&quot;:1000}\" data-widget_type=\"text-editor.default\">\n\t\t\t\t\t\t\t\t\t<p>Haz de la moda tu negocio&#8230;<br \/>y de <strong>Grupo Maji tu mejor aliado.<\/strong><\/p>\t\t\t\t\t\t\t\t<\/div>\n\t\t\t\t<div class=\"elementor-element elementor-element-23efeca elementor-widget elementor-widget-spacer\" data-id=\"23efeca\" data-element_type=\"widget\" data-e-type=\"widget\" data-widget_type=\"spacer.default\">\n\t\t\t\t\t\t\t<div class=\"elementor-spacer\">\n\t\t\t<div class=\"elementor-spacer-inner\"><\/div>\n\t\t<\/div>\n\t\t\t\t\t\t<\/div>\n\t\t\t\t<\/div>\r\n\t\t<div class=\"elementor-element elementor-element-1a11972 e-con-full e-flex wpr-particle-no wpr-jarallax-no wpr-parallax-no wpr-sticky-section-no wpr-equal-height-no e-con e-child \" data-id=\"1a11972\" data-element_type=\"container\" data-e-type=\"container\">\t\t<\/div>\r\n\t\t\t\t\t<\/div>\r\n\t\t\t\t<\/div>\r\n\t\t<div class=\"elementor-element elementor-element-48fc61a elementor-hidden-desktop elementor-hidden-laptop elementor-hidden-tablet_extra elementor-hidden-tablet elementor-hidden-mobile_extra elementor-hidden-mobile e-flex e-con-boxed wpr-particle-no wpr-jarallax-no wpr-parallax-no wpr-sticky-section-no wpr-equal-height-no e-con e-parent \" data-id=\"48fc61a\" data-element_type=\"container\" data-e-type=\"container\">\t\t\t<div class=\"e-con-inner\">\r\n\t\t\t\t<div class=\"elementor-element elementor-element-32dd402 elementor-widget elementor-widget-spacer\" data-id=\"32dd402\" data-element_type=\"widget\" data-e-type=\"widget\" data-widget_type=\"spacer.default\">\n\t\t\t\t\t\t\t<div class=\"elementor-spacer\">\n\t\t\t<div class=\"elementor-spacer-inner\"><\/div>\n\t\t<\/div>\n\t\t\t\t\t\t<\/div>\n\t\t\t\t<div class=\"elementor-element elementor-element-9501da1 elementor-widget elementor-widget-text-editor\" data-id=\"9501da1\" data-element_type=\"widget\" data-e-type=\"widget\" data-widget_type=\"text-editor.default\">\n\t\t\t\t\t\t\t\t\t<p>En Grupo Maji colaboramos con marcas que buscan m\u00e1s que un proveedor:<br \/><strong>Buscan un socio estrat\u00e9gico capaz de convertir ideas en productos rentables, sustentables y con alto valor comercial.<\/strong><\/p><p>Nuestro compromiso va m\u00e1s all\u00e1 del dise\u00f1o o la producci\u00f3n:<br \/><strong>Aportamos innovaci\u00f3n, eficiencia operativa y relaciones duraderas construidas con \u00e9tica, visi\u00f3n de futuro de calidad.<\/strong><\/p>\t\t\t\t\t\t\t\t<\/div>\n\t\t\t\t\t<\/div>\r\n\t\t\t\t<\/div>\r\n\t\t<div class=\"elementor-element elementor-element-165df12 e-flex e-con-boxed wpr-particle-no wpr-jarallax-no wpr-parallax-no wpr-sticky-section-no wpr-equal-height-no e-con e-parent \" data-id=\"165df12\" data-element_type=\"container\" data-e-type=\"container\">\t\t\t<div class=\"e-con-inner\">\r\n\t\t<div class=\"elementor-element elementor-element-fc518eb e-con-full e-flex wpr-particle-no wpr-jarallax-no wpr-parallax-no wpr-sticky-section-no wpr-equal-height-no e-con e-child \" data-id=\"fc518eb\" data-element_type=\"container\" data-e-type=\"container\">\t\t<div class=\"elementor-element elementor-element-32610af elementor-widget__width-initial elementor-widget elementor-widget-image\" data-id=\"32610af\" data-element_type=\"widget\" data-e-type=\"widget\" data-widget_type=\"image.default\">\n\t\t\t\t\t\t\t\t\t\t\t\t\t\t\t<img fetchpriority=\"high\" decoding=\"async\" width=\"500\" height=\"500\" src=\"https:\/\/maji.com.mx\/wp-content\/uploads\/2023\/07\/web-GRUPO-MAJI-ok-copia.svg\" class=\"attachment-full size-full wp-image-10403\" alt=\"\" \/>\t\t\t\t\t\t\t\t\t\t\t\t\t\t\t<\/div>\n\t\t\t\t<div class=\"elementor-element elementor-element-3e8cdbe elementor-widget elementor-widget-heading\" data-id=\"3e8cdbe\" data-element_type=\"widget\" data-e-type=\"widget\" data-widget_type=\"heading.default\">\n\t\t\t\t\t<h2 class=\"elementor-heading-title elementor-size-default\">Convertirme en distribuidor<\/h2>\t\t\t\t<\/div>\n\t\t\t\t<\/div>\r\n\t\t\t\t<div class=\"elementor-element elementor-element-e42e7f5 elementor-button-align-stretch elementor-widget elementor-widget-form\" data-id=\"e42e7f5\" data-element_type=\"widget\" data-e-type=\"widget\" data-settings=\"{&quot;step_next_label&quot;:&quot;Next&quot;,&quot;step_previous_label&quot;:&quot;Previous&quot;,&quot;button_width&quot;:&quot;100&quot;,&quot;step_type&quot;:&quot;number_text&quot;,&quot;step_icon_shape&quot;:&quot;circle&quot;}\" data-widget_type=\"form.default\">\n\t\t\t\t\t\t\t<form class=\"elementor-form\" method=\"post\" name=\"Distribuidor\" aria-label=\"Distribuidor\">\n\t\t\t<input type=\"hidden\" name=\"post_id\" value=\"10836\"\/>\n\t\t\t<input type=\"hidden\" name=\"form_id\" value=\"e42e7f5\"\/>\n\t\t\t<input type=\"hidden\" name=\"referer_title\" value=\"Distribuidores - Grupo MAJI\" \/>\n\n\t\t\t\t\t\t\t<input type=\"hidden\" name=\"queried_id\" value=\"10836\"\/>\n\t\t\t\n\t\t\t<div class=\"elementor-form-fields-wrapper elementor-labels-above\">\n\t\t\t\t\t\t\t\t<div class=\"elementor-field-type-text elementor-field-group elementor-column elementor-field-group-name elementor-col-33 elementor-field-required\">\n\t\t\t\t\t\t\t\t\t\t\t\t<label for=\"form-field-name\" class=\"elementor-field-label\">\n\t\t\t\t\t\t\t\tNombre completo\t\t\t\t\t\t\t<\/label>\n\t\t\t\t\t\t\t\t\t\t\t\t\t\t<input size=\"1\" type=\"text\" name=\"form_fields[name]\" id=\"form-field-name\" class=\"elementor-field elementor-size-sm  elementor-field-textual\" placeholder=\"Nombre\" required=\"required\">\n\t\t\t\t\t\t\t\t\t\t\t<\/div>\n\t\t\t\t\t\t\t\t<div class=\"elementor-field-type-tel elementor-field-group elementor-column elementor-field-group-field_25dac94 elementor-col-33\">\n\t\t\t\t\t\t\t\t\t\t\t\t<label for=\"form-field-field_25dac94\" class=\"elementor-field-label\">\n\t\t\t\t\t\t\t\tTel\u00e9fono\t\t\t\t\t\t\t<\/label>\n\t\t\t\t\t\t\t\t<input size=\"1\" type=\"tel\" name=\"form_fields[field_25dac94]\" id=\"form-field-field_25dac94\" class=\"elementor-field elementor-size-sm  elementor-field-textual\" pattern=\"[0-9()#&amp;+*-=.]+\" title=\"Only numbers and phone characters (#, -, *, etc) are accepted.\">\n\n\t\t\t\t\t\t<\/div>\n\t\t\t\t\t\t\t\t<div class=\"elementor-field-type-email elementor-field-group elementor-column elementor-field-group-email elementor-col-33 elementor-field-required\">\n\t\t\t\t\t\t\t\t\t\t\t\t<label for=\"form-field-email\" class=\"elementor-field-label\">\n\t\t\t\t\t\t\t\tEmail\t\t\t\t\t\t\t<\/label>\n\t\t\t\t\t\t\t\t\t\t\t\t\t\t<input size=\"1\" type=\"email\" name=\"form_fields[email]\" id=\"form-field-email\" class=\"elementor-field elementor-size-sm  elementor-field-textual\" placeholder=\"Email\" required=\"required\">\n\t\t\t\t\t\t\t\t\t\t\t<\/div>\n\t\t\t\t\t\t\t\t<div class=\"elementor-field-type-text elementor-field-group elementor-column elementor-field-group-field_7451734 elementor-col-25 elementor-field-required\">\n\t\t\t\t\t\t\t\t\t\t\t\t<label for=\"form-field-field_7451734\" class=\"elementor-field-label\">\n\t\t\t\t\t\t\t\tOcupaci\u00f3n\t\t\t\t\t\t\t<\/label>\n\t\t\t\t\t\t\t\t\t\t\t\t\t\t<input size=\"1\" type=\"text\" name=\"form_fields[field_7451734]\" id=\"form-field-field_7451734\" class=\"elementor-field elementor-size-sm  elementor-field-textual\" placeholder=\"Nombre\" required=\"required\">\n\t\t\t\t\t\t\t\t\t\t\t<\/div>\n\t\t\t\t\t\t\t\t<div class=\"elementor-field-type-text elementor-field-group elementor-column elementor-field-group-field_71e396a elementor-col-25 elementor-field-required\">\n\t\t\t\t\t\t\t\t\t\t\t\t<label for=\"form-field-field_71e396a\" class=\"elementor-field-label\">\n\t\t\t\t\t\t\t\tCiudad\t\t\t\t\t\t\t<\/label>\n\t\t\t\t\t\t\t\t\t\t\t\t\t\t<input size=\"1\" type=\"text\" name=\"form_fields[field_71e396a]\" id=\"form-field-field_71e396a\" class=\"elementor-field elementor-size-sm  elementor-field-textual\" required=\"required\">\n\t\t\t\t\t\t\t\t\t\t\t<\/div>\n\t\t\t\t\t\t\t\t<div class=\"elementor-field-type-select elementor-field-group elementor-column elementor-field-group-field_9c5eb16 elementor-col-25\">\n\t\t\t\t\t\t\t\t\t\t\t\t<label for=\"form-field-field_9c5eb16\" class=\"elementor-field-label\">\n\t\t\t\t\t\t\t\tEstado\t\t\t\t\t\t\t<\/label>\n\t\t\t\t\t\t\t\t<div class=\"elementor-field elementor-select-wrapper remove-before \">\n\t\t\t<div class=\"select-caret-down-wrapper\">\n\t\t\t\t<i aria-hidden=\"true\" class=\"eicon-caret-down\"><\/i>\t\t\t<\/div>\n\t\t\t<select name=\"form_fields[field_9c5eb16]\" id=\"form-field-field_9c5eb16\" class=\"elementor-field-textual elementor-size-sm\">\n\t\t\t\t\t\t\t\t\t<option value=\"Aguascalientes\">Aguascalientes<\/option>\n\t\t\t\t\t\t\t\t\t<option value=\"Baja California\">Baja California<\/option>\n\t\t\t\t\t\t\t\t\t<option value=\"Baja California Sur\">Baja California Sur<\/option>\n\t\t\t\t\t\t\t\t\t<option value=\"Campeche\">Campeche<\/option>\n\t\t\t\t\t\t\t\t\t<option value=\"Chiapas\">Chiapas<\/option>\n\t\t\t\t\t\t\t\t\t<option value=\"Chihuahua\">Chihuahua<\/option>\n\t\t\t\t\t\t\t\t\t<option value=\"Ciudad de M\u00e9xico\">Ciudad de M\u00e9xico<\/option>\n\t\t\t\t\t\t\t\t\t<option value=\"Coahuila\">Coahuila<\/option>\n\t\t\t\t\t\t\t\t\t<option value=\"Colima\">Colima<\/option>\n\t\t\t\t\t\t\t\t\t<option value=\"Durango\">Durango<\/option>\n\t\t\t\t\t\t\t\t\t<option value=\"Estado de M\u00e9xico\">Estado de M\u00e9xico<\/option>\n\t\t\t\t\t\t\t\t\t<option value=\"Guanajuato\">Guanajuato<\/option>\n\t\t\t\t\t\t\t\t\t<option value=\"Guerrero\">Guerrero<\/option>\n\t\t\t\t\t\t\t\t\t<option value=\"Hidalgo\">Hidalgo<\/option>\n\t\t\t\t\t\t\t\t\t<option value=\"Jalisco\">Jalisco<\/option>\n\t\t\t\t\t\t\t\t\t<option value=\"Michoac\u00e1n\">Michoac\u00e1n<\/option>\n\t\t\t\t\t\t\t\t\t<option value=\"Morelos\">Morelos<\/option>\n\t\t\t\t\t\t\t\t\t<option value=\"Nayarit\">Nayarit<\/option>\n\t\t\t\t\t\t\t\t\t<option value=\"Nuevo Le\u00f3n\">Nuevo Le\u00f3n<\/option>\n\t\t\t\t\t\t\t\t\t<option value=\"Oaxaca\">Oaxaca<\/option>\n\t\t\t\t\t\t\t\t\t<option value=\"Puebla\">Puebla<\/option>\n\t\t\t\t\t\t\t\t\t<option value=\"Quer\u00e9taro\">Quer\u00e9taro<\/option>\n\t\t\t\t\t\t\t\t\t<option value=\"Quintana Roo\">Quintana Roo<\/option>\n\t\t\t\t\t\t\t\t\t<option value=\"San Luis Potos\u00ed\">San Luis Potos\u00ed<\/option>\n\t\t\t\t\t\t\t\t\t<option value=\"Sinaloa\">Sinaloa<\/option>\n\t\t\t\t\t\t\t\t\t<option value=\"Sonora\">Sonora<\/option>\n\t\t\t\t\t\t\t\t\t<option value=\"Tabasco\">Tabasco<\/option>\n\t\t\t\t\t\t\t\t\t<option value=\"Tamaulipas\">Tamaulipas<\/option>\n\t\t\t\t\t\t\t\t\t<option value=\"Tlaxcala\">Tlaxcala<\/option>\n\t\t\t\t\t\t\t\t\t<option value=\"Veracruz\">Veracruz<\/option>\n\t\t\t\t\t\t\t\t\t<option value=\"Yucat\u00e1n\">Yucat\u00e1n<\/option>\n\t\t\t\t\t\t\t\t\t<option value=\"Zacatecas\">Zacatecas<\/option>\n\t\t\t\t\t\t\t\t\t<option value=\"Otro\">Otro<\/option>\n\t\t\t\t\t\t\t<\/select>\n\t\t<\/div>\n\t\t\t\t\t\t<\/div>\n\t\t\t\t\t\t\t\t<div class=\"elementor-field-type-number elementor-field-group elementor-column elementor-field-group-field_1892ed9 elementor-col-25 elementor-field-required\">\n\t\t\t\t\t\t\t\t\t\t\t\t<label for=\"form-field-field_1892ed9\" class=\"elementor-field-label\">\n\t\t\t\t\t\t\t\tEdad\t\t\t\t\t\t\t<\/label>\n\t\t\t\t\t\t\t\t\t<input type=\"number\" name=\"form_fields[field_1892ed9]\" id=\"form-field-field_1892ed9\" class=\"elementor-field elementor-size-sm  elementor-field-textual\" placeholder=\"Edad\" required=\"required\" min=\"18\" max=\"100\" >\n\t\t\t\t\t\t<\/div>\n\t\t\t\t\t\t\t\t<div class=\"elementor-field-type-checkbox elementor-field-group elementor-column elementor-field-group-message elementor-col-100\">\n\t\t\t\t\t\t\t\t\t\t\t\t<label for=\"form-field-message\" class=\"elementor-field-label\">\n\t\t\t\t\t\t\t\t\u00bfC\u00f3mo planeas vender Grupo Maji?\t\t\t\t\t\t\t<\/label>\n\t\t\t\t\t\t<div class=\"elementor-field-subgroup  elementor-subgroup-inline\"><span class=\"elementor-field-option\"><input type=\"checkbox\" value=\"En tienda f\u00edsica\" id=\"form-field-message-0\" name=\"form_fields[message][]\"> <label for=\"form-field-message-0\">En tienda f\u00edsica<\/label><\/span><span class=\"elementor-field-option\"><input type=\"checkbox\" value=\"En redes sociales\" id=\"form-field-message-1\" name=\"form_fields[message][]\"> <label for=\"form-field-message-1\">En redes sociales<\/label><\/span><span class=\"elementor-field-option\"><input type=\"checkbox\" value=\"Cat\u00e1logo\" id=\"form-field-message-2\" name=\"form_fields[message][]\"> <label for=\"form-field-message-2\">Cat\u00e1logo<\/label><\/span><span class=\"elementor-field-option\"><input type=\"checkbox\" value=\"Otro\" id=\"form-field-message-3\" name=\"form_fields[message][]\"> <label for=\"form-field-message-3\">Otro<\/label><\/span><\/div>\t\t\t\t<\/div>\n\t\t\t\t\t\t\t\t<div class=\"elementor-field-type-recaptcha elementor-field-group elementor-column elementor-field-group-field_b067cd6 elementor-col-100\">\n\t\t\t\t\t<div class=\"elementor-field\" id=\"form-field-field_b067cd6\"><div class=\"elementor-g-recaptcha\" data-sitekey=\"6Lc2NKUrAAAAAHkjQGbz_oijG9NiMOXCf43acQ44\" data-type=\"v2_checkbox\" data-theme=\"dark\" data-size=\"normal\"><\/div><\/div>\t\t\t\t<\/div>\n\t\t\t\t\t\t\t\t<div class=\"elementor-field-group elementor-column elementor-field-type-submit elementor-col-100 e-form__buttons\">\n\t\t\t\t\t<button class=\"elementor-button elementor-size-sm\" type=\"submit\">\n\t\t\t\t\t\t<span class=\"elementor-button-content-wrapper\">\n\t\t\t\t\t\t\t\t\t\t\t\t\t\t\t\t\t\t\t\t\t\t<span class=\"elementor-button-text\">Enviar solicitud<\/span>\n\t\t\t\t\t\t\t\t\t\t\t\t\t<\/span>\n\t\t\t\t\t<\/button>\n\t\t\t\t<\/div>\n\t\t\t<\/div>\n\t\t<\/form>\n\t\t\t\t\t\t<\/div>\n\t\t\t\t\t<\/div>\r\n\t\t\t\t<\/div>\r\n\t\t\t\t<\/div>\n\t\t","protected":false},"excerpt":{"rendered":"<p>Haz de la moda tu negocio&#8230;y de Grupo Maji tu mejor aliado. En Grupo Maji colaboramos con marcas que buscan m\u00e1s que un proveedor:Buscan un socio estrat\u00e9gico capaz de convertir ideas en productos rentables, sustentables y con alto valor comercial. Nuestro compromiso va m\u00e1s all\u00e1 del dise\u00f1o o la producci\u00f3n:Aportamos innovaci\u00f3n, eficiencia operativa y relaciones duraderas construidas con \u00e9tica, visi\u00f3n de futuro de calidad. Convertirme en distribuidor<\/p>","protected":false},"author":2,"featured_media":10666,"parent":0,"menu_order":0,"comment_status":"closed","ping_status":"closed","template":"","meta":{"footnotes":""},"class_list":["post-10836","page","type-page","status-publish","has-post-thumbnail","hentry"],"yoast_head":"<!-- This site is optimized with the Yoast SEO plugin v27.4 - https:\/\/yoast.com\/product\/yoast-seo-wordpress\/ -->\n<title>Distribuidores - Grupo MAJI<\/title>\n<meta name=\"description\" content=\"En Grupo Maji colaboramos con marcas que buscan m\u00e1s que un proveedor:Buscan un socio estrat\u00e9gico capaz de convertir ideas en productos rentables, sustentables y con alto valor comercial.\" \/>\n<meta name=\"robots\" content=\"index, follow, max-snippet:-1, max-image-preview:large, max-video-preview:-1\" \/>\n<link rel=\"canonical\" href=\"https:\/\/maji.com.mx\/en\/distribuidores\/\" \/>\n<meta property=\"og:locale\" content=\"en_US\" \/>\n<meta property=\"og:type\" content=\"article\" \/>\n<meta property=\"og:title\" content=\"Distribuidores - Grupo MAJI\" \/>\n<meta property=\"og:description\" content=\"En Grupo Maji colaboramos con marcas que buscan m\u00e1s que un proveedor:Buscan un socio estrat\u00e9gico capaz de convertir ideas en productos rentables, sustentables y con alto valor comercial.\" \/>\n<meta property=\"og:url\" content=\"https:\/\/maji.com.mx\/en\/distribuidores\/\" \/>\n<meta property=\"og:site_name\" content=\"Grupo MAJI\" \/>\n<meta property=\"article:modified_time\" content=\"2025-09-09T16:39:56+00:00\" \/>\n<meta property=\"og:image\" content=\"https:\/\/maji.com.mx\/wp-content\/uploads\/2025\/08\/banner-1-clientes.jpg\" \/>\n\t<meta property=\"og:image:width\" content=\"1921\" \/>\n\t<meta property=\"og:image:height\" content=\"1081\" \/>\n\t<meta property=\"og:image:type\" content=\"image\/jpeg\" \/>\n<meta name=\"twitter:card\" content=\"summary_large_image\" \/>\n<meta name=\"twitter:label1\" content=\"Est. reading time\" \/>\n\t<meta name=\"twitter:data1\" content=\"1 minute\" \/>\n<script type=\"application\/ld+json\" class=\"yoast-schema-graph\">{\"@context\":\"https:\\\/\\\/schema.org\",\"@graph\":[{\"@type\":\"WebPage\",\"@id\":\"https:\\\/\\\/maji.com.mx\\\/distribuidores\\\/\",\"url\":\"https:\\\/\\\/maji.com.mx\\\/distribuidores\\\/\",\"name\":\"Distribuidores - Grupo MAJI\",\"isPartOf\":{\"@id\":\"https:\\\/\\\/maji.com.mx\\\/#website\"},\"primaryImageOfPage\":{\"@id\":\"https:\\\/\\\/maji.com.mx\\\/distribuidores\\\/#primaryimage\"},\"image\":{\"@id\":\"https:\\\/\\\/maji.com.mx\\\/distribuidores\\\/#primaryimage\"},\"thumbnailUrl\":\"https:\\\/\\\/maji.com.mx\\\/wp-content\\\/uploads\\\/2025\\\/08\\\/banner-1-clientes.jpg\",\"datePublished\":\"2025-08-13T16:50:45+00:00\",\"dateModified\":\"2025-09-09T16:39:56+00:00\",\"description\":\"En Grupo Maji colaboramos con marcas que buscan m\u00e1s que un proveedor:Buscan un socio estrat\u00e9gico capaz de convertir ideas en productos rentables, sustentables y con alto valor comercial.\",\"breadcrumb\":{\"@id\":\"https:\\\/\\\/maji.com.mx\\\/distribuidores\\\/#breadcrumb\"},\"inLanguage\":\"en-US\",\"potentialAction\":[{\"@type\":\"ReadAction\",\"target\":[\"https:\\\/\\\/maji.com.mx\\\/distribuidores\\\/\"]}]},{\"@type\":\"ImageObject\",\"inLanguage\":\"en-US\",\"@id\":\"https:\\\/\\\/maji.com.mx\\\/distribuidores\\\/#primaryimage\",\"url\":\"https:\\\/\\\/maji.com.mx\\\/wp-content\\\/uploads\\\/2025\\\/08\\\/banner-1-clientes.jpg\",\"contentUrl\":\"https:\\\/\\\/maji.com.mx\\\/wp-content\\\/uploads\\\/2025\\\/08\\\/banner-1-clientes.jpg\",\"width\":1921,\"height\":1081},{\"@type\":\"BreadcrumbList\",\"@id\":\"https:\\\/\\\/maji.com.mx\\\/distribuidores\\\/#breadcrumb\",\"itemListElement\":[{\"@type\":\"ListItem\",\"position\":1,\"name\":\"Inicio\",\"item\":\"https:\\\/\\\/maji.com.mx\\\/\"},{\"@type\":\"ListItem\",\"position\":2,\"name\":\"Distribuidores\"}]},{\"@type\":\"WebSite\",\"@id\":\"https:\\\/\\\/maji.com.mx\\\/#website\",\"url\":\"https:\\\/\\\/maji.com.mx\\\/\",\"name\":\"Grupo MAJI\",\"description\":\"Comercializadora de moda con prop\u00f3sito, especializada en dise\u00f1ar, producir y distribuir colecciones textiles a gran escala para marcas, cadenas comerciales y distribuidores.\",\"publisher\":{\"@id\":\"https:\\\/\\\/maji.com.mx\\\/#organization\"},\"potentialAction\":[{\"@type\":\"SearchAction\",\"target\":{\"@type\":\"EntryPoint\",\"urlTemplate\":\"https:\\\/\\\/maji.com.mx\\\/?s={search_term_string}\"},\"query-input\":{\"@type\":\"PropertyValueSpecification\",\"valueRequired\":true,\"valueName\":\"search_term_string\"}}],\"inLanguage\":\"en-US\"},{\"@type\":\"Organization\",\"@id\":\"https:\\\/\\\/maji.com.mx\\\/#organization\",\"name\":\"Grupo MAJI\",\"url\":\"https:\\\/\\\/maji.com.mx\\\/\",\"logo\":{\"@type\":\"ImageObject\",\"inLanguage\":\"en-US\",\"@id\":\"https:\\\/\\\/maji.com.mx\\\/#\\\/schema\\\/logo\\\/image\\\/\",\"url\":\"https:\\\/\\\/maji.com.mx\\\/wp-content\\\/uploads\\\/2023\\\/07\\\/web-GRUPO-MAJI-ok-copia.svg\",\"contentUrl\":\"https:\\\/\\\/maji.com.mx\\\/wp-content\\\/uploads\\\/2023\\\/07\\\/web-GRUPO-MAJI-ok-copia.svg\",\"width\":500,\"height\":500,\"caption\":\"Grupo MAJI\"},\"image\":{\"@id\":\"https:\\\/\\\/maji.com.mx\\\/#\\\/schema\\\/logo\\\/image\\\/\"}}]}<\/script>\n<!-- \/ Yoast SEO plugin. -->","yoast_head_json":{"title":"Distribuidores - Grupo MAJI","description":"En Grupo Maji colaboramos con marcas que buscan m\u00e1s que un proveedor:Buscan un socio estrat\u00e9gico capaz de convertir ideas en productos rentables, sustentables y con alto valor comercial.","robots":{"index":"index","follow":"follow","max-snippet":"max-snippet:-1","max-image-preview":"max-image-preview:large","max-video-preview":"max-video-preview:-1"},"canonical":"https:\/\/maji.com.mx\/en\/distribuidores\/","og_locale":"en_US","og_type":"article","og_title":"Distribuidores - Grupo MAJI","og_description":"En Grupo Maji colaboramos con marcas que buscan m\u00e1s que un proveedor:Buscan un socio estrat\u00e9gico capaz de convertir ideas en productos rentables, sustentables y con alto valor comercial.","og_url":"https:\/\/maji.com.mx\/en\/distribuidores\/","og_site_name":"Grupo MAJI","article_modified_time":"2025-09-09T16:39:56+00:00","og_image":[{"width":1921,"height":1081,"url":"https:\/\/maji.com.mx\/wp-content\/uploads\/2025\/08\/banner-1-clientes.jpg","type":"image\/jpeg"}],"twitter_card":"summary_large_image","twitter_misc":{"Est. reading time":"1 minute"},"schema":{"@context":"https:\/\/schema.org","@graph":[{"@type":"WebPage","@id":"https:\/\/maji.com.mx\/distribuidores\/","url":"https:\/\/maji.com.mx\/distribuidores\/","name":"Distribuidores - Grupo MAJI","isPartOf":{"@id":"https:\/\/maji.com.mx\/#website"},"primaryImageOfPage":{"@id":"https:\/\/maji.com.mx\/distribuidores\/#primaryimage"},"image":{"@id":"https:\/\/maji.com.mx\/distribuidores\/#primaryimage"},"thumbnailUrl":"https:\/\/maji.com.mx\/wp-content\/uploads\/2025\/08\/banner-1-clientes.jpg","datePublished":"2025-08-13T16:50:45+00:00","dateModified":"2025-09-09T16:39:56+00:00","description":"En Grupo Maji colaboramos con marcas que buscan m\u00e1s que un proveedor:Buscan un socio estrat\u00e9gico capaz de convertir ideas en productos rentables, sustentables y con alto valor comercial.","breadcrumb":{"@id":"https:\/\/maji.com.mx\/distribuidores\/#breadcrumb"},"inLanguage":"en-US","potentialAction":[{"@type":"ReadAction","target":["https:\/\/maji.com.mx\/distribuidores\/"]}]},{"@type":"ImageObject","inLanguage":"en-US","@id":"https:\/\/maji.com.mx\/distribuidores\/#primaryimage","url":"https:\/\/maji.com.mx\/wp-content\/uploads\/2025\/08\/banner-1-clientes.jpg","contentUrl":"https:\/\/maji.com.mx\/wp-content\/uploads\/2025\/08\/banner-1-clientes.jpg","width":1921,"height":1081},{"@type":"BreadcrumbList","@id":"https:\/\/maji.com.mx\/distribuidores\/#breadcrumb","itemListElement":[{"@type":"ListItem","position":1,"name":"Inicio","item":"https:\/\/maji.com.mx\/"},{"@type":"ListItem","position":2,"name":"Distribuidores"}]},{"@type":"WebSite","@id":"https:\/\/maji.com.mx\/#website","url":"https:\/\/maji.com.mx\/","name":"Grupo MAJI","description":"Comercializadora de moda con prop\u00f3sito, especializada en dise\u00f1ar, producir y distribuir colecciones textiles a gran escala para marcas, cadenas comerciales y distribuidores.","publisher":{"@id":"https:\/\/maji.com.mx\/#organization"},"potentialAction":[{"@type":"SearchAction","target":{"@type":"EntryPoint","urlTemplate":"https:\/\/maji.com.mx\/?s={search_term_string}"},"query-input":{"@type":"PropertyValueSpecification","valueRequired":true,"valueName":"search_term_string"}}],"inLanguage":"en-US"},{"@type":"Organization","@id":"https:\/\/maji.com.mx\/#organization","name":"Grupo MAJI","url":"https:\/\/maji.com.mx\/","logo":{"@type":"ImageObject","inLanguage":"en-US","@id":"https:\/\/maji.com.mx\/#\/schema\/logo\/image\/","url":"https:\/\/maji.com.mx\/wp-content\/uploads\/2023\/07\/web-GRUPO-MAJI-ok-copia.svg","contentUrl":"https:\/\/maji.com.mx\/wp-content\/uploads\/2023\/07\/web-GRUPO-MAJI-ok-copia.svg","width":500,"height":500,"caption":"Grupo MAJI"},"image":{"@id":"https:\/\/maji.com.mx\/#\/schema\/logo\/image\/"}}]}},"_links":{"self":[{"href":"https:\/\/maji.com.mx\/en\/wp-json\/wp\/v2\/pages\/10836","targetHints":{"allow":["GET"]}}],"collection":[{"href":"https:\/\/maji.com.mx\/en\/wp-json\/wp\/v2\/pages"}],"about":[{"href":"https:\/\/maji.com.mx\/en\/wp-json\/wp\/v2\/types\/page"}],"author":[{"embeddable":true,"href":"https:\/\/maji.com.mx\/en\/wp-json\/wp\/v2\/users\/2"}],"replies":[{"embeddable":true,"href":"https:\/\/maji.com.mx\/en\/wp-json\/wp\/v2\/comments?post=10836"}],"version-history":[{"count":30,"href":"https:\/\/maji.com.mx\/en\/wp-json\/wp\/v2\/pages\/10836\/revisions"}],"predecessor-version":[{"id":11751,"href":"https:\/\/maji.com.mx\/en\/wp-json\/wp\/v2\/pages\/10836\/revisions\/11751"}],"wp:featuredmedia":[{"embeddable":true,"href":"https:\/\/maji.com.mx\/en\/wp-json\/wp\/v2\/media\/10666"}],"wp:attachment":[{"href":"https:\/\/maji.com.mx\/en\/wp-json\/wp\/v2\/media?parent=10836"}],"curies":[{"name":"wp","href":"https:\/\/api.w.org\/{rel}","templated":true}]}}