{"id":10310,"date":"2025-08-11T16:32:40","date_gmt":"2025-08-11T22:32:40","guid":{"rendered":"https:\/\/maji.com.mx\/?page_id=10310"},"modified":"2025-09-02T17:32:10","modified_gmt":"2025-09-02T23:32:10","slug":"bolsa-de-trabajo","status":"publish","type":"page","link":"https:\/\/maji.com.mx\/en\/bolsa-de-trabajo\/","title":{"rendered":"Carrers"},"content":{"rendered":"\t\t<div data-elementor-type=\"wp-page\" data-elementor-id=\"10310\" class=\"elementor elementor-10310\" data-elementor-post-type=\"page\">\n\t\t\t\t<div class=\"elementor-element elementor-element-165df12 e-flex e-con-boxed wpr-particle-no wpr-jarallax-no wpr-parallax-no wpr-sticky-section-no wpr-equal-height-no e-con e-parent \" data-id=\"165df12\" data-element_type=\"container\" data-e-type=\"container\">\t\t\t<div class=\"e-con-inner\">\r\n\t\t<div class=\"elementor-element elementor-element-fc518eb e-con-full e-flex wpr-particle-no wpr-jarallax-no wpr-parallax-no wpr-sticky-section-no wpr-equal-height-no e-con e-child \" data-id=\"fc518eb\" data-element_type=\"container\" data-e-type=\"container\">\t\t<div class=\"elementor-element elementor-element-32610af elementor-widget__width-initial elementor-widget elementor-widget-image\" data-id=\"32610af\" data-element_type=\"widget\" data-e-type=\"widget\" data-widget_type=\"image.default\">\n\t\t\t\t\t\t\t\t\t\t\t\t\t\t\t<img fetchpriority=\"high\" decoding=\"async\" width=\"500\" height=\"500\" src=\"https:\/\/maji.com.mx\/wp-content\/uploads\/2023\/07\/web-GRUPO-MAJI-ok-copia.svg\" class=\"attachment-full size-full wp-image-10403\" alt=\"\" \/>\t\t\t\t\t\t\t\t\t\t\t\t\t\t\t<\/div>\n\t\t\t\t<div class=\"elementor-element elementor-element-3e8cdbe elementor-widget elementor-widget-heading\" data-id=\"3e8cdbe\" data-element_type=\"widget\" data-e-type=\"widget\" data-widget_type=\"heading.default\">\n\t\t\t\t\t<h2 class=\"elementor-heading-title elementor-size-default\">Grupo Maji<\/h2>\t\t\t\t<\/div>\n\t\t\t\t<\/div>\r\n\t\t\t\t\t<\/div>\r\n\t\t\t\t<\/div>\r\n\t\t<div class=\"elementor-element elementor-element-2f33c75 e-flex e-con-boxed wpr-particle-no wpr-jarallax-no wpr-parallax-no wpr-sticky-section-no wpr-equal-height-no elementor-invisible e-con e-parent \" data-id=\"2f33c75\" data-element_type=\"container\" data-e-type=\"container\" data-settings=\"{&quot;animation&quot;:&quot;fadeIn&quot;}\">\t\t\t<div class=\"e-con-inner\">\r\n\t\t<div class=\"elementor-element elementor-element-f4e164c e-con-full e-flex wpr-particle-no wpr-jarallax-no wpr-parallax-no wpr-sticky-section-no wpr-equal-height-no e-con e-child \" data-id=\"f4e164c\" data-element_type=\"container\" data-e-type=\"container\">\t\t<div class=\"elementor-element elementor-element-5107d19 animated-slow elementor-invisible elementor-widget elementor-widget-text-editor\" data-id=\"5107d19\" data-element_type=\"widget\" data-e-type=\"widget\" data-settings=\"{&quot;_animation&quot;:&quot;fadeInUp&quot;,&quot;_animation_delay&quot;:1000}\" data-widget_type=\"text-editor.default\">\n\t\t\t\t\t\t\t\t\t<p>Construyamos<br \/>juntos la <strong>moda<\/strong><br \/><strong>del futuro.<\/strong><\/p>\t\t\t\t\t\t\t\t<\/div>\n\t\t\t\t<\/div>\r\n\t\t<div class=\"elementor-element elementor-element-8a7fa8a e-con-full e-flex wpr-particle-no wpr-jarallax-no wpr-parallax-no wpr-sticky-section-no wpr-equal-height-no e-con e-child \" data-id=\"8a7fa8a\" data-element_type=\"container\" data-e-type=\"container\">\t\t<div class=\"elementor-element elementor-element-1558ca5 animated-slow elementor-invisible elementor-widget elementor-widget-image\" data-id=\"1558ca5\" data-element_type=\"widget\" data-e-type=\"widget\" data-settings=\"{&quot;_animation&quot;:&quot;fadeIn&quot;}\" data-widget_type=\"image.default\">\n\t\t\t\t\t\t\t\t\t\t\t\t\t\t\t<img decoding=\"async\" width=\"1024\" height=\"817\" src=\"https:\/\/maji.com.mx\/wp-content\/uploads\/2025\/08\/banner-Contacto-2-1024x817.png\" class=\"attachment-large size-large wp-image-10687\" alt=\"\" srcset=\"https:\/\/maji.com.mx\/wp-content\/uploads\/2025\/08\/banner-Contacto-2-1024x817.png 1024w, https:\/\/maji.com.mx\/wp-content\/uploads\/2025\/08\/banner-Contacto-2-300x239.png 300w, https:\/\/maji.com.mx\/wp-content\/uploads\/2025\/08\/banner-Contacto-2-768x613.png 768w, https:\/\/maji.com.mx\/wp-content\/uploads\/2025\/08\/banner-Contacto-2-1536x1225.png 1536w, https:\/\/maji.com.mx\/wp-content\/uploads\/2025\/08\/banner-Contacto-2-890x710.png 890w, https:\/\/maji.com.mx\/wp-content\/uploads\/2025\/08\/banner-Contacto-2.png 1919w\" sizes=\"(max-width: 1024px) 100vw, 1024px\" \/>\t\t\t\t\t\t\t\t\t\t\t\t\t\t\t<\/div>\n\t\t\t\t<\/div>\r\n\t\t\t\t\t<\/div>\r\n\t\t\t\t<\/div>\r\n\t\t<div class=\"elementor-element elementor-element-811ab56 e-flex e-con-boxed wpr-particle-no wpr-jarallax-no wpr-parallax-no wpr-sticky-section-no wpr-equal-height-no e-con e-parent \" data-id=\"811ab56\" data-element_type=\"container\" data-e-type=\"container\">\t\t\t<div class=\"e-con-inner\">\r\n\t\t\t\t<div class=\"elementor-element elementor-element-3e57f8d elementor-icon-list--layout-traditional elementor-list-item-link-full_width elementor-widget elementor-widget-icon-list\" data-id=\"3e57f8d\" data-element_type=\"widget\" data-e-type=\"widget\" data-widget_type=\"icon-list.default\">\n\t\t\t\t\t\t\t<ul class=\"elementor-icon-list-items\">\n\t\t\t\t\t\t\t<li class=\"elementor-icon-list-item\">\n\t\t\t\t\t\t\t\t\t\t\t<span class=\"elementor-icon-list-icon\">\n\t\t\t\t\t\t\t<svg xmlns=\"http:\/\/www.w3.org\/2000\/svg\" id=\"Capa_1\" viewBox=\"0 0 500 500\"><defs><style>.cls-1{fill:#a8002b;}<\/style><\/defs><path class=\"cls-1\" d=\"M447.87,282.01l-31.17-28.96,27.26-29.34c24.01-25.84,22.52-66.4-3.33-90.41-15.57-14.46-36.48-19.67-55.89-15.88,2.36-19.64-4.37-40.11-19.94-54.58-25.84-24.01-66.4-22.52-90.41,3.33l-28.53,30.72-30.07-27.94c-25.84-24.01-66.4-22.52-90.41,3.33-14.46,15.57-19.67,36.48-15.88,55.89-19.64-2.36-40.11,4.37-54.58,19.94-24.01,25.84-22.52,66.4,3.33,90.41l31.17,28.96-27.26,29.34c-24.01,25.84-22.52,66.4,3.33,90.41,15.57,14.46,36.48,19.67,55.89,15.88-2.36,19.64,4.37,40.11,19.94,54.58,25.84,24.01,66.4,22.52,90.41-3.33l28.53-30.72,30.07,27.94c25.84,24.01,66.4,22.52,90.41-3.33,14.46-15.57,19.67-36.48,15.88-55.89,19.64,2.36,40.11-4.37,54.57-19.94,24.01-25.84,22.52-66.4-3.33-90.41ZM368.11,153.26c14.84-15.97,39.9-16.89,55.88-2.06,15.97,14.84,16.9,39.91,2.06,55.88l-27.26,29.34-41.69-38.73-40.44,43.53-16.24-15.09,67.69-72.87ZM382.16,254.32l-23.81,25.63-23.79-22.1,23.81-25.63,23.79,22.1ZM292.27,82.8c14.84-15.97,39.91-16.9,55.88-2.06,15.97,14.84,16.9,39.91,2.06,55.88l-67.69,72.87-15.14-14.06,39.16-42.15-42.8-39.76,28.53-30.72ZM300.03,259.11l-44.68,48.09-49.28-45.78,44.68-48.09,49.28,45.78ZM249.48,178.8l-24.89-23.13,22.53-24.25,24.89,23.13-22.53,24.25ZM143.26,88.91c14.84-15.97,39.9-16.9,55.88-2.06l30.07,27.94-39.16,42.15,42.8,39.76-14.66,15.78-72.87-67.69c-15.97-14.84-16.9-39.91-2.06-55.88ZM74.86,220.62c-15.97-14.84-16.9-39.91-2.06-55.88,14.84-15.97,39.9-16.9,55.88-2.06l72.87,67.69-13.38,14.41-41.69-38.73-40.44,43.53-31.17-28.96ZM171.54,262.69l-23.81,25.63-23.79-22.1,23.81-25.63,23.79,22.1ZM137.99,367.28c-14.84,15.97-39.9,16.9-55.88,2.06-15.97-14.84-16.9-39.91-2.06-55.88l27.26-29.34,41.69,38.73,40.44-43.53,16.24,15.09-67.69,72.87ZM213.82,437.73c-14.84,15.97-39.9,16.89-55.88,2.06-15.97-14.84-16.9-39.91-2.06-55.88l67.69-72.87,15.14,14.06-39.16,42.15,42.8,39.76-28.53,30.72ZM256.62,341.74l24.89,23.13-22.53,24.25-24.89-23.13,22.53-24.25ZM362.84,431.62c-14.84,15.97-39.9,16.89-55.88,2.06l-30.07-27.94,39.16-42.15-42.8-39.76,14.66-15.78,72.87,67.69c15.97,14.84,16.9,39.91,2.06,55.88ZM433.29,355.79c-14.84,15.97-39.91,16.89-55.88,2.06l-72.87-67.69,13.38-14.41,41.69,38.73,40.44-43.53,31.17,28.96c15.97,14.84,16.9,39.91,2.06,55.88Z\"><\/path><\/svg>\t\t\t\t\t\t<\/span>\n\t\t\t\t\t\t\t\t\t\t<span class=\"elementor-icon-list-text\">Buscamos personas honestas, responsables y comprometidas con la innovaci\u00f3n.<\/span>\n\t\t\t\t\t\t\t\t\t<\/li>\n\t\t\t\t\t\t\t\t<li class=\"elementor-icon-list-item\">\n\t\t\t\t\t\t\t\t\t\t\t<span class=\"elementor-icon-list-icon\">\n\t\t\t\t\t\t\t<svg xmlns=\"http:\/\/www.w3.org\/2000\/svg\" id=\"Capa_1\" viewBox=\"0 0 500 500\"><defs><style>.cls-1{fill:#a8002b;}<\/style><\/defs><path class=\"cls-1\" d=\"M447.87,282.01l-31.17-28.96,27.26-29.34c24.01-25.84,22.52-66.4-3.33-90.41-15.57-14.46-36.48-19.67-55.89-15.88,2.36-19.64-4.37-40.11-19.94-54.58-25.84-24.01-66.4-22.52-90.41,3.33l-28.53,30.72-30.07-27.94c-25.84-24.01-66.4-22.52-90.41,3.33-14.46,15.57-19.67,36.48-15.88,55.89-19.64-2.36-40.11,4.37-54.58,19.94-24.01,25.84-22.52,66.4,3.33,90.41l31.17,28.96-27.26,29.34c-24.01,25.84-22.52,66.4,3.33,90.41,15.57,14.46,36.48,19.67,55.89,15.88-2.36,19.64,4.37,40.11,19.94,54.58,25.84,24.01,66.4,22.52,90.41-3.33l28.53-30.72,30.07,27.94c25.84,24.01,66.4,22.52,90.41-3.33,14.46-15.57,19.67-36.48,15.88-55.89,19.64,2.36,40.11-4.37,54.57-19.94,24.01-25.84,22.52-66.4-3.33-90.41ZM368.11,153.26c14.84-15.97,39.9-16.89,55.88-2.06,15.97,14.84,16.9,39.91,2.06,55.88l-27.26,29.34-41.69-38.73-40.44,43.53-16.24-15.09,67.69-72.87ZM382.16,254.32l-23.81,25.63-23.79-22.1,23.81-25.63,23.79,22.1ZM292.27,82.8c14.84-15.97,39.91-16.9,55.88-2.06,15.97,14.84,16.9,39.91,2.06,55.88l-67.69,72.87-15.14-14.06,39.16-42.15-42.8-39.76,28.53-30.72ZM300.03,259.11l-44.68,48.09-49.28-45.78,44.68-48.09,49.28,45.78ZM249.48,178.8l-24.89-23.13,22.53-24.25,24.89,23.13-22.53,24.25ZM143.26,88.91c14.84-15.97,39.9-16.9,55.88-2.06l30.07,27.94-39.16,42.15,42.8,39.76-14.66,15.78-72.87-67.69c-15.97-14.84-16.9-39.91-2.06-55.88ZM74.86,220.62c-15.97-14.84-16.9-39.91-2.06-55.88,14.84-15.97,39.9-16.9,55.88-2.06l72.87,67.69-13.38,14.41-41.69-38.73-40.44,43.53-31.17-28.96ZM171.54,262.69l-23.81,25.63-23.79-22.1,23.81-25.63,23.79,22.1ZM137.99,367.28c-14.84,15.97-39.9,16.9-55.88,2.06-15.97-14.84-16.9-39.91-2.06-55.88l27.26-29.34,41.69,38.73,40.44-43.53,16.24,15.09-67.69,72.87ZM213.82,437.73c-14.84,15.97-39.9,16.89-55.88,2.06-15.97-14.84-16.9-39.91-2.06-55.88l67.69-72.87,15.14,14.06-39.16,42.15,42.8,39.76-28.53,30.72ZM256.62,341.74l24.89,23.13-22.53,24.25-24.89-23.13,22.53-24.25ZM362.84,431.62c-14.84,15.97-39.9,16.89-55.88,2.06l-30.07-27.94,39.16-42.15-42.8-39.76,14.66-15.78,72.87,67.69c15.97,14.84,16.9,39.91,2.06,55.88ZM433.29,355.79c-14.84,15.97-39.91,16.89-55.88,2.06l-72.87-67.69,13.38-14.41,41.69,38.73,40.44-43.53,31.17,28.96c15.97,14.84,16.9,39.91,2.06,55.88Z\"><\/path><\/svg>\t\t\t\t\t\t<\/span>\n\t\t\t\t\t\t\t\t\t\t<span class=\"elementor-icon-list-text\">Si te apasiona crear, colaborar y crecer, este es tu lugar para crecer de manera...<\/span>\n\t\t\t\t\t\t\t\t\t<\/li>\n\t\t\t\t\t\t<\/ul>\n\t\t\t\t\t\t<\/div>\n\t\t\t\t<div class=\"elementor-element elementor-element-fa23efa elementor-widget elementor-widget-text-editor\" data-id=\"fa23efa\" data-element_type=\"widget\" data-e-type=\"widget\" data-widget_type=\"text-editor.default\">\n\t\t\t\t\t\t\t\t\t<p>Creativa, \u00e9tica y sustentable<\/p>\t\t\t\t\t\t\t\t<\/div>\n\t\t\t\t\t<\/div>\r\n\t\t\t\t<\/div>\r\n\t\t<div class=\"elementor-element elementor-element-515d249 e-flex e-con-boxed wpr-particle-no wpr-jarallax-no wpr-parallax-no wpr-sticky-section-no wpr-equal-height-no e-con e-parent \" data-id=\"515d249\" data-element_type=\"container\" data-e-type=\"container\">\t\t\t<div class=\"e-con-inner\">\r\n\t\t\t\t<div class=\"elementor-element elementor-element-52f6820 elementor-widget elementor-widget-pxl_heading\" data-id=\"52f6820\" data-element_type=\"widget\" data-e-type=\"widget\" data-widget_type=\"pxl_heading.default\">\n\t\t\t\t<div class=\"elementor-widget-container\">\n\t\t\t\t\t<div class=\"pxl-heading\">\n\t<div class=\"pxl-heading--inner\">\n\t\t\t\t<h3 class=\"pxl-item--title \" data-wow-delay=\"ms\">\n\t\t\tD\u00e9janos tus datos y s\u00e9 parte del equipo:\t\t\n\t\t<\/h3>\n\t<\/div>\n<\/div>\t\t\t\t<\/div>\n\t\t\t\t<\/div>\n\t\t\t\t<div class=\"elementor-element elementor-element-c611550 elementor-button-align-stretch elementor-widget elementor-widget-form\" data-id=\"c611550\" data-element_type=\"widget\" data-e-type=\"widget\" data-settings=\"{&quot;button_width&quot;:&quot;20&quot;,&quot;step_next_label&quot;:&quot;Next&quot;,&quot;step_previous_label&quot;:&quot;Previous&quot;,&quot;step_type&quot;:&quot;number_text&quot;,&quot;step_icon_shape&quot;:&quot;circle&quot;}\" data-widget_type=\"form.default\">\n\t\t\t\t\t\t\t<form class=\"elementor-form\" method=\"post\" name=\"Bolsa de trabajo\" aria-label=\"Bolsa de trabajo\">\n\t\t\t<input type=\"hidden\" name=\"post_id\" value=\"10310\"\/>\n\t\t\t<input type=\"hidden\" name=\"form_id\" value=\"c611550\"\/>\n\t\t\t<input type=\"hidden\" name=\"referer_title\" value=\"Bolsa de trabajo - Grupo MAJI\" \/>\n\n\t\t\t\t\t\t\t<input type=\"hidden\" name=\"queried_id\" value=\"10310\"\/>\n\t\t\t\n\t\t\t<div class=\"elementor-form-fields-wrapper elementor-labels-above\">\n\t\t\t\t\t\t\t\t<div class=\"elementor-field-type-text elementor-field-group elementor-column elementor-field-group-name elementor-col-50\">\n\t\t\t\t\t\t\t\t\t\t\t\t<label for=\"form-field-name\" class=\"elementor-field-label\">\n\t\t\t\t\t\t\t\tNombre Completo\t\t\t\t\t\t\t<\/label>\n\t\t\t\t\t\t\t\t\t\t\t\t\t\t<input size=\"1\" type=\"text\" name=\"form_fields[name]\" id=\"form-field-name\" class=\"elementor-field elementor-size-sm  elementor-field-textual\" placeholder=\"Nombre Completo\">\n\t\t\t\t\t\t\t\t\t\t\t<\/div>\n\t\t\t\t\t\t\t\t<div class=\"elementor-field-type-tel elementor-field-group elementor-column elementor-field-group-field_c5336c0 elementor-col-50\">\n\t\t\t\t\t\t\t\t\t\t\t\t<label for=\"form-field-field_c5336c0\" class=\"elementor-field-label\">\n\t\t\t\t\t\t\t\tContacto\t\t\t\t\t\t\t<\/label>\n\t\t\t\t\t\t\t\t<input size=\"1\" type=\"tel\" name=\"form_fields[field_c5336c0]\" id=\"form-field-field_c5336c0\" class=\"elementor-field elementor-size-sm  elementor-field-textual\" placeholder=\"Contacto\" pattern=\"[0-9()#&amp;+*-=.]+\" title=\"Only numbers and phone characters (#, -, *, etc) are accepted.\">\n\n\t\t\t\t\t\t<\/div>\n\t\t\t\t\t\t\t\t<div class=\"elementor-field-type-email elementor-field-group elementor-column elementor-field-group-email elementor-col-50 elementor-field-required\">\n\t\t\t\t\t\t\t\t\t\t\t\t<label for=\"form-field-email\" class=\"elementor-field-label\">\n\t\t\t\t\t\t\t\tEmail\t\t\t\t\t\t\t<\/label>\n\t\t\t\t\t\t\t\t\t\t\t\t\t\t<input size=\"1\" type=\"email\" name=\"form_fields[email]\" id=\"form-field-email\" class=\"elementor-field elementor-size-sm  elementor-field-textual\" placeholder=\"Email\" required=\"required\">\n\t\t\t\t\t\t\t\t\t\t\t<\/div>\n\t\t\t\t\t\t\t\t<div class=\"elementor-field-type-upload elementor-field-group elementor-column elementor-field-group-field_d2e0e88 elementor-col-50\">\n\t\t\t\t\t\t\t\t\t\t\t\t<label for=\"form-field-field_d2e0e88\" class=\"elementor-field-label\">\n\t\t\t\t\t\t\t\tCargar CV\t\t\t\t\t\t\t<\/label>\n\t\t\t\t\t\t\t\t<input type=\"file\" name=\"form_fields[field_d2e0e88]\" id=\"form-field-field_d2e0e88\" class=\"elementor-field elementor-size-sm  elementor-upload-field\" data-maxsize=\"5\" data-maxsize-message=\"This file exceeds the maximum allowed size.\">\n\n\t\t\t\t\t\t<\/div>\n\t\t\t\t\t\t\t\t<div class=\"elementor-field-type-recaptcha elementor-field-group elementor-column elementor-field-group-field_9f7fa02 elementor-col-100\">\n\t\t\t\t\t<div class=\"elementor-field\" id=\"form-field-field_9f7fa02\"><div class=\"elementor-g-recaptcha\" data-sitekey=\"6Lc2NKUrAAAAAHkjQGbz_oijG9NiMOXCf43acQ44\" data-type=\"v2_checkbox\" data-theme=\"light\" data-size=\"normal\"><\/div><\/div>\t\t\t\t<\/div>\n\t\t\t\t\t\t\t\t<div class=\"elementor-field-group elementor-column elementor-field-type-submit elementor-col-20 e-form__buttons\">\n\t\t\t\t\t<button class=\"elementor-button elementor-size-sm\" type=\"submit\">\n\t\t\t\t\t\t<span class=\"elementor-button-content-wrapper\">\n\t\t\t\t\t\t\t\t\t\t\t\t\t\t\t<span class=\"elementor-button-icon\">\n\t\t\t\t\t\t\t\t\t<i aria-hidden=\"true\" class=\"far fa-long-arrow-alt-up\"><\/i>\t\t\t\t\t\t\t\t\t\t\t\t\t\t\t\t\t<\/span>\n\t\t\t\t\t\t\t\t\t\t\t\t\t\t\t\t\t\t\t\t\t\t<span class=\"elementor-button-text\">ENV\u00cdAR<\/span>\n\t\t\t\t\t\t\t\t\t\t\t\t\t<\/span>\n\t\t\t\t\t<\/button>\n\t\t\t\t<\/div>\n\t\t\t<\/div>\n\t\t<\/form>\n\t\t\t\t\t\t<\/div>\n\t\t\t\t<div class=\"elementor-element elementor-element-2a2d063 elementor-widget elementor-widget-text-editor\" data-id=\"2a2d063\" data-element_type=\"widget\" data-e-type=\"widget\" data-widget_type=\"text-editor.default\">\n\t\t\t\t\t\t\t\t\t<p>*O env\u00edar a: people@grupomaji.com<\/p>\t\t\t\t\t\t\t\t<\/div>\n\t\t\t\t\t<\/div>\r\n\t\t\t\t<\/div>\r\n\t\t\t\t<\/div>\n\t\t","protected":false},"excerpt":{"rendered":"<p>Grupo Maji Construyamosjuntos la modadel futuro. Buscamos personas honestas, responsables y comprometidas con la innovaci\u00f3n. Si te apasiona crear, colaborar y crecer, este es tu lugar para crecer de manera&#8230; Creativa, \u00e9tica y sustentable D\u00e9janos tus datos y s\u00e9 parte del equipo: *O env\u00edar a: people@grupomaji.com<\/p>","protected":false},"author":2,"featured_media":10687,"parent":0,"menu_order":0,"comment_status":"closed","ping_status":"closed","template":"","meta":{"footnotes":""},"class_list":["post-10310","page","type-page","status-publish","has-post-thumbnail","hentry"],"yoast_head":"<!-- This site is optimized with the Yoast SEO plugin v27.4 - https:\/\/yoast.com\/product\/yoast-seo-wordpress\/ -->\n<title>Bolsa de trabajo - Grupo MAJI<\/title>\n<meta name=\"description\" content=\"Construyamos juntos la moda del futuro. Buscamos personas honestas, responsables y comprometidas con la innovaci\u00f3n.\" \/>\n<meta name=\"robots\" content=\"index, follow, max-snippet:-1, max-image-preview:large, max-video-preview:-1\" \/>\n<link rel=\"canonical\" href=\"https:\/\/maji.com.mx\/en\/bolsa-de-trabajo\/\" \/>\n<meta property=\"og:locale\" content=\"en_US\" \/>\n<meta property=\"og:type\" content=\"article\" \/>\n<meta property=\"og:title\" content=\"Bolsa de trabajo - Grupo MAJI\" \/>\n<meta property=\"og:description\" content=\"Construyamos juntos la moda del futuro. Buscamos personas honestas, responsables y comprometidas con la innovaci\u00f3n.\" \/>\n<meta property=\"og:url\" content=\"https:\/\/maji.com.mx\/en\/bolsa-de-trabajo\/\" \/>\n<meta property=\"og:site_name\" content=\"Grupo MAJI\" \/>\n<meta property=\"article:modified_time\" content=\"2025-09-02T23:32:10+00:00\" \/>\n<meta property=\"og:image\" content=\"https:\/\/maji.com.mx\/wp-content\/uploads\/2025\/08\/banner-Contacto-2-1024x817.png\" \/>\n\t<meta property=\"og:image:width\" content=\"1024\" \/>\n\t<meta property=\"og:image:height\" content=\"817\" \/>\n\t<meta property=\"og:image:type\" content=\"image\/png\" \/>\n<meta name=\"twitter:card\" content=\"summary_large_image\" \/>\n<meta name=\"twitter:label1\" content=\"Est. reading time\" \/>\n\t<meta name=\"twitter:data1\" content=\"1 minute\" \/>\n<script type=\"application\/ld+json\" class=\"yoast-schema-graph\">{\"@context\":\"https:\\\/\\\/schema.org\",\"@graph\":[{\"@type\":\"WebPage\",\"@id\":\"https:\\\/\\\/maji.com.mx\\\/bolsa-de-trabajo\\\/\",\"url\":\"https:\\\/\\\/maji.com.mx\\\/bolsa-de-trabajo\\\/\",\"name\":\"Bolsa de trabajo - Grupo MAJI\",\"isPartOf\":{\"@id\":\"https:\\\/\\\/maji.com.mx\\\/#website\"},\"primaryImageOfPage\":{\"@id\":\"https:\\\/\\\/maji.com.mx\\\/bolsa-de-trabajo\\\/#primaryimage\"},\"image\":{\"@id\":\"https:\\\/\\\/maji.com.mx\\\/bolsa-de-trabajo\\\/#primaryimage\"},\"thumbnailUrl\":\"https:\\\/\\\/maji.com.mx\\\/wp-content\\\/uploads\\\/2025\\\/08\\\/banner-Contacto-2.png\",\"datePublished\":\"2025-08-11T22:32:40+00:00\",\"dateModified\":\"2025-09-02T23:32:10+00:00\",\"description\":\"Construyamos juntos la moda del futuro. Buscamos personas honestas, responsables y comprometidas con la innovaci\u00f3n.\",\"breadcrumb\":{\"@id\":\"https:\\\/\\\/maji.com.mx\\\/bolsa-de-trabajo\\\/#breadcrumb\"},\"inLanguage\":\"en-US\",\"potentialAction\":[{\"@type\":\"ReadAction\",\"target\":[\"https:\\\/\\\/maji.com.mx\\\/bolsa-de-trabajo\\\/\"]}]},{\"@type\":\"ImageObject\",\"inLanguage\":\"en-US\",\"@id\":\"https:\\\/\\\/maji.com.mx\\\/bolsa-de-trabajo\\\/#primaryimage\",\"url\":\"https:\\\/\\\/maji.com.mx\\\/wp-content\\\/uploads\\\/2025\\\/08\\\/banner-Contacto-2.png\",\"contentUrl\":\"https:\\\/\\\/maji.com.mx\\\/wp-content\\\/uploads\\\/2025\\\/08\\\/banner-Contacto-2.png\",\"width\":1919,\"height\":1531},{\"@type\":\"BreadcrumbList\",\"@id\":\"https:\\\/\\\/maji.com.mx\\\/bolsa-de-trabajo\\\/#breadcrumb\",\"itemListElement\":[{\"@type\":\"ListItem\",\"position\":1,\"name\":\"Inicio\",\"item\":\"https:\\\/\\\/maji.com.mx\\\/\"},{\"@type\":\"ListItem\",\"position\":2,\"name\":\"Bolsa de trabajo\"}]},{\"@type\":\"WebSite\",\"@id\":\"https:\\\/\\\/maji.com.mx\\\/#website\",\"url\":\"https:\\\/\\\/maji.com.mx\\\/\",\"name\":\"Grupo MAJI\",\"description\":\"Comercializadora de moda con prop\u00f3sito, especializada en dise\u00f1ar, producir y distribuir colecciones textiles a gran escala para marcas, cadenas comerciales y distribuidores.\",\"publisher\":{\"@id\":\"https:\\\/\\\/maji.com.mx\\\/#organization\"},\"potentialAction\":[{\"@type\":\"SearchAction\",\"target\":{\"@type\":\"EntryPoint\",\"urlTemplate\":\"https:\\\/\\\/maji.com.mx\\\/?s={search_term_string}\"},\"query-input\":{\"@type\":\"PropertyValueSpecification\",\"valueRequired\":true,\"valueName\":\"search_term_string\"}}],\"inLanguage\":\"en-US\"},{\"@type\":\"Organization\",\"@id\":\"https:\\\/\\\/maji.com.mx\\\/#organization\",\"name\":\"Grupo MAJI\",\"url\":\"https:\\\/\\\/maji.com.mx\\\/\",\"logo\":{\"@type\":\"ImageObject\",\"inLanguage\":\"en-US\",\"@id\":\"https:\\\/\\\/maji.com.mx\\\/#\\\/schema\\\/logo\\\/image\\\/\",\"url\":\"https:\\\/\\\/maji.com.mx\\\/wp-content\\\/uploads\\\/2023\\\/07\\\/web-GRUPO-MAJI-ok-copia.svg\",\"contentUrl\":\"https:\\\/\\\/maji.com.mx\\\/wp-content\\\/uploads\\\/2023\\\/07\\\/web-GRUPO-MAJI-ok-copia.svg\",\"width\":500,\"height\":500,\"caption\":\"Grupo MAJI\"},\"image\":{\"@id\":\"https:\\\/\\\/maji.com.mx\\\/#\\\/schema\\\/logo\\\/image\\\/\"}}]}<\/script>\n<!-- \/ Yoast SEO plugin. -->","yoast_head_json":{"title":"Bolsa de trabajo - Grupo MAJI","description":"Construyamos juntos la moda del futuro. Buscamos personas honestas, responsables y comprometidas con la innovaci\u00f3n.","robots":{"index":"index","follow":"follow","max-snippet":"max-snippet:-1","max-image-preview":"max-image-preview:large","max-video-preview":"max-video-preview:-1"},"canonical":"https:\/\/maji.com.mx\/en\/bolsa-de-trabajo\/","og_locale":"en_US","og_type":"article","og_title":"Bolsa de trabajo - Grupo MAJI","og_description":"Construyamos juntos la moda del futuro. Buscamos personas honestas, responsables y comprometidas con la innovaci\u00f3n.","og_url":"https:\/\/maji.com.mx\/en\/bolsa-de-trabajo\/","og_site_name":"Grupo MAJI","article_modified_time":"2025-09-02T23:32:10+00:00","og_image":[{"width":1024,"height":817,"url":"https:\/\/maji.com.mx\/wp-content\/uploads\/2025\/08\/banner-Contacto-2-1024x817.png","type":"image\/png"}],"twitter_card":"summary_large_image","twitter_misc":{"Est. reading time":"1 minute"},"schema":{"@context":"https:\/\/schema.org","@graph":[{"@type":"WebPage","@id":"https:\/\/maji.com.mx\/bolsa-de-trabajo\/","url":"https:\/\/maji.com.mx\/bolsa-de-trabajo\/","name":"Bolsa de trabajo - Grupo MAJI","isPartOf":{"@id":"https:\/\/maji.com.mx\/#website"},"primaryImageOfPage":{"@id":"https:\/\/maji.com.mx\/bolsa-de-trabajo\/#primaryimage"},"image":{"@id":"https:\/\/maji.com.mx\/bolsa-de-trabajo\/#primaryimage"},"thumbnailUrl":"https:\/\/maji.com.mx\/wp-content\/uploads\/2025\/08\/banner-Contacto-2.png","datePublished":"2025-08-11T22:32:40+00:00","dateModified":"2025-09-02T23:32:10+00:00","description":"Construyamos juntos la moda del futuro. Buscamos personas honestas, responsables y comprometidas con la innovaci\u00f3n.","breadcrumb":{"@id":"https:\/\/maji.com.mx\/bolsa-de-trabajo\/#breadcrumb"},"inLanguage":"en-US","potentialAction":[{"@type":"ReadAction","target":["https:\/\/maji.com.mx\/bolsa-de-trabajo\/"]}]},{"@type":"ImageObject","inLanguage":"en-US","@id":"https:\/\/maji.com.mx\/bolsa-de-trabajo\/#primaryimage","url":"https:\/\/maji.com.mx\/wp-content\/uploads\/2025\/08\/banner-Contacto-2.png","contentUrl":"https:\/\/maji.com.mx\/wp-content\/uploads\/2025\/08\/banner-Contacto-2.png","width":1919,"height":1531},{"@type":"BreadcrumbList","@id":"https:\/\/maji.com.mx\/bolsa-de-trabajo\/#breadcrumb","itemListElement":[{"@type":"ListItem","position":1,"name":"Inicio","item":"https:\/\/maji.com.mx\/"},{"@type":"ListItem","position":2,"name":"Bolsa de trabajo"}]},{"@type":"WebSite","@id":"https:\/\/maji.com.mx\/#website","url":"https:\/\/maji.com.mx\/","name":"Grupo MAJI","description":"Comercializadora de moda con prop\u00f3sito, especializada en dise\u00f1ar, producir y distribuir colecciones textiles a gran escala para marcas, cadenas comerciales y distribuidores.","publisher":{"@id":"https:\/\/maji.com.mx\/#organization"},"potentialAction":[{"@type":"SearchAction","target":{"@type":"EntryPoint","urlTemplate":"https:\/\/maji.com.mx\/?s={search_term_string}"},"query-input":{"@type":"PropertyValueSpecification","valueRequired":true,"valueName":"search_term_string"}}],"inLanguage":"en-US"},{"@type":"Organization","@id":"https:\/\/maji.com.mx\/#organization","name":"Grupo MAJI","url":"https:\/\/maji.com.mx\/","logo":{"@type":"ImageObject","inLanguage":"en-US","@id":"https:\/\/maji.com.mx\/#\/schema\/logo\/image\/","url":"https:\/\/maji.com.mx\/wp-content\/uploads\/2023\/07\/web-GRUPO-MAJI-ok-copia.svg","contentUrl":"https:\/\/maji.com.mx\/wp-content\/uploads\/2023\/07\/web-GRUPO-MAJI-ok-copia.svg","width":500,"height":500,"caption":"Grupo MAJI"},"image":{"@id":"https:\/\/maji.com.mx\/#\/schema\/logo\/image\/"}}]}},"_links":{"self":[{"href":"https:\/\/maji.com.mx\/en\/wp-json\/wp\/v2\/pages\/10310","targetHints":{"allow":["GET"]}}],"collection":[{"href":"https:\/\/maji.com.mx\/en\/wp-json\/wp\/v2\/pages"}],"about":[{"href":"https:\/\/maji.com.mx\/en\/wp-json\/wp\/v2\/types\/page"}],"author":[{"embeddable":true,"href":"https:\/\/maji.com.mx\/en\/wp-json\/wp\/v2\/users\/2"}],"replies":[{"embeddable":true,"href":"https:\/\/maji.com.mx\/en\/wp-json\/wp\/v2\/comments?post=10310"}],"version-history":[{"count":27,"href":"https:\/\/maji.com.mx\/en\/wp-json\/wp\/v2\/pages\/10310\/revisions"}],"predecessor-version":[{"id":11731,"href":"https:\/\/maji.com.mx\/en\/wp-json\/wp\/v2\/pages\/10310\/revisions\/11731"}],"wp:featuredmedia":[{"embeddable":true,"href":"https:\/\/maji.com.mx\/en\/wp-json\/wp\/v2\/media\/10687"}],"wp:attachment":[{"href":"https:\/\/maji.com.mx\/en\/wp-json\/wp\/v2\/media?parent=10310"}],"curies":[{"name":"wp","href":"https:\/\/api.w.org\/{rel}","templated":true}]}}